{"id":10565,"date":"2022-05-25T16:39:19","date_gmt":"2022-05-25T16:39:19","guid":{"rendered":"https:\/\/zveza-harfistov-slovenije.lndo.site\/?page_id=10565"},"modified":"2022-06-03T19:11:00","modified_gmt":"2022-06-03T19:11:00","slug":"zgodovina","status":"publish","type":"page","link":"https:\/\/drustvoharfistovslovenije.si\/en\/zgodovina\/","title":{"rendered":"History"},"content":{"rendered":"<div data-elementor-type=\"wp-page\" data-elementor-id=\"10565\" class=\"elementor elementor-10565\">\n\t\t\t\t\t\t\t\t\t<section class=\"elementor-section elementor-top-section elementor-element elementor-element-2587286 elementor-section-boxed elementor-section-height-default elementor-section-height-default\" data-id=\"2587286\" data-element_type=\"section\">\n\t\t\t\t\t\t<div class=\"elementor-container elementor-column-gap-default\">\n\t\t\t\t\t<div class=\"elementor-column elementor-col-100 elementor-top-column elementor-element elementor-element-dbb1065\" data-id=\"dbb1065\" data-element_type=\"column\">\n\t\t\t<div class=\"elementor-widget-wrap elementor-element-populated\">\n\t\t\t\t\t\t\t\t<div class=\"elementor-element elementor-element-2a4cbda elementor-widget elementor-widget-heading\" data-id=\"2a4cbda\" data-element_type=\"widget\" data-widget_type=\"heading.default\">\n\t\t\t\t<div class=\"elementor-widget-container\">\n\t\t\t<style>\/*! elementor - v3.6.5 - 27-04-2022 *\/\n.elementor-heading-title{padding:0;margin:0;line-height:1}.elementor-widget-heading .elementor-heading-title[class*=elementor-size-]>a{color:inherit;font-size:inherit;line-height:inherit}.elementor-widget-heading .elementor-heading-title.elementor-size-small{font-size:15px}.elementor-widget-heading .elementor-heading-title.elementor-size-medium{font-size:19px}.elementor-widget-heading .elementor-heading-title.elementor-size-large{font-size:29px}.elementor-widget-heading .elementor-heading-title.elementor-size-xl{font-size:39px}.elementor-widget-heading .elementor-heading-title.elementor-size-xxl{font-size:59px}<\/style><h2 class=\"elementor-heading-title elementor-size-default\">History<\/h2>\t\t<\/div>\n\t\t\t\t<\/div>\n\t\t\t\t\t<\/div>\n\t\t<\/div>\n\t\t\t\t\t\t\t<\/div>\n\t\t<\/section>\n\t\t\t\t<section class=\"elementor-section elementor-top-section elementor-element elementor-element-8657c98 elementor-section-boxed elementor-section-height-default elementor-section-height-default\" data-id=\"8657c98\" data-element_type=\"section\">\n\t\t\t\t\t\t<div class=\"elementor-container elementor-column-gap-default\">\n\t\t\t\t\t<div class=\"elementor-column elementor-col-100 elementor-top-column elementor-element elementor-element-0705e3d\" data-id=\"0705e3d\" data-element_type=\"column\">\n\t\t\t<div class=\"elementor-widget-wrap elementor-element-populated\">\n\t\t\t\t\t\t\t\t<div class=\"elementor-element elementor-element-a85aa25 elementor-widget elementor-widget-text-editor\" data-id=\"a85aa25\" data-element_type=\"widget\" data-widget_type=\"text-editor.default\">\n\t\t\t\t<div class=\"elementor-widget-container\">\n\t\t\t<style>\/*! elementor - v3.6.5 - 27-04-2022 *\/\n.elementor-widget-text-editor.elementor-drop-cap-view-stacked .elementor-drop-cap{background-color:#818a91;color:#fff}.elementor-widget-text-editor.elementor-drop-cap-view-framed .elementor-drop-cap{color:#818a91;border:3px solid;background-color:transparent}.elementor-widget-text-editor:not(.elementor-drop-cap-view-default) .elementor-drop-cap{margin-top:8px}.elementor-widget-text-editor:not(.elementor-drop-cap-view-default) .elementor-drop-cap-letter{width:1em;height:1em}.elementor-widget-text-editor .elementor-drop-cap{float:left;text-align:center;line-height:1;font-size:50px}.elementor-widget-text-editor .elementor-drop-cap-letter{display:inline-block}<\/style>\t\t\t\t<p>The Slovenian Harp Association was founded in Velenje in 1995 as a voluntary association of professional harpsts, amateurs and harp lovers. Since its establishment, the basic objective of the operation has been professional integration, organized cooperation and a common interest in recognising the harp in Slovenia as a concert instrument of many dimensions.<\/p><p>The area to which the association pays special attention is education, as quality work expands general knowledge and interest in the instrument. The association develops proposals and opinions in the field of education, lectures, professional seminars and study groups for teachers are organised. The Association organises projects for the purpose of promoting an instrument such as music workshops, magazines of young harpists, filming and competitions. Young harpists are offered an additional opportunity to improve and an opportunity to speak publicly. The association's work is also focused on the expansion of harpist repertoire with compositions by Slovenian authors.<\/p><p>The Association offers the possibility of educating pupils, students, students and teachers, connection and contact with renowned professors from abroad, contact with members of the famous opera and philharmonic orchestras and a connection with harpists from around the world. Thus, young musicians have the opportunity to contact and gain experience during their schooling, which can significantly help to start their professional career. In the years since its establishment, the association's activity in the field of education has contributed to the visibility of the harp, resulting in huge growth in enrolment and consequently the opening of departments at music schools throughout Slovenia, thus motivating teachers for pedagogical work at an ever higher level.<\/p><p>We are proud of the permanent project of the International Competition of the Slovenian Harp Association, which was created as a result of good cooperation between members of the Association and active connection with the rest of the world and has traditionally been held since 2007 at the Fran Korun Ko\u017eeljski Velenje Music School, which offers the possibility of competing at an extremely high level. The Slovenian Harp Association aims to maintain the quality of the competition, to acquire many competitors from all over the world, and to raise the competition to the highest possible level with the quality of the competitors, and to stand side by side with the most prestigious harp competition.<\/p><p>Slovenian Harp Association strives for conceptual different projects, innovation and good cooperation with various institutions at home and abroad. To this end, coordination groups shall be formed for individual events within the members actively involved in the achievement of the objectives.<\/p><p>We would like the events of the Slovenian Harp Association to justify the support and trust in our society.<\/p>\t\t\t\t\t\t<\/div>\n\t\t\t\t<\/div>\n\t\t\t\t\t<\/div>\n\t\t<\/div>\n\t\t\t\t\t\t\t<\/div>\n\t\t<\/section>\n\t\t\t\t\t\t\t<\/div>","protected":false},"excerpt":{"rendered":"<p>Zgodovina Dru\u0161tvo harfistov Slovenije (v nadaljevanju DHS) je bilo ustanovljeno v Velenju leta 1995 kot prostovoljno zdru\u017eenje profesionalnih harfistov, amaterjev ter ljubiteljev harfe. Osnovni cilj delovanja je \u017ee vse od ustanovitve strokovno povezovanje, organizirano sodelovanje ter skupni interes, da se harfo prepozna v Slovenskem prostoru kot koncertni instrument mnogih razse\u017enosti.&hellip;<\/p>\n<p> <a class=\"more-link\" href=\"https:\/\/drustvoharfistovslovenije.si\/en\/zgodovina\/\">Preberi ve\u010d<\/a><\/p>","protected":false},"author":1,"featured_media":0,"parent":0,"menu_order":0,"comment_status":"closed","ping_status":"closed","template":"","meta":{"footnotes":""},"class_list":["post-10565","page","type-page","status-publish"],"yoast_head":"<!-- This site is optimized with the Yoast SEO plugin v19.0 - https:\/\/yoast.com\/wordpress\/plugins\/seo\/ -->\n<title>Zgodovina - Dru\u0161tvo harfistov Slovenije<\/title>\n<meta name=\"robots\" content=\"index, follow, max-snippet:-1, max-image-preview:large, max-video-preview:-1\" \/>\n<link rel=\"canonical\" href=\"https:\/\/drustvoharfistovslovenije.si\/en\/zgodovina\/\" \/>\n<meta property=\"og:locale\" content=\"en_GB\" \/>\n<meta property=\"og:type\" content=\"article\" \/>\n<meta property=\"og:title\" content=\"Zgodovina - Dru\u0161tvo harfistov Slovenije\" \/>\n<meta property=\"og:description\" content=\"Zgodovina Dru\u0161tvo harfistov Slovenije (v nadaljevanju DHS) je bilo ustanovljeno v Velenju leta 1995 kot prostovoljno zdru\u017eenje profesionalnih harfistov, amaterjev ter ljubiteljev harfe. Osnovni cilj delovanja je \u017ee vse od ustanovitve strokovno povezovanje, organizirano sodelovanje ter skupni interes, da se harfo prepozna v Slovenskem prostoru kot koncertni instrument mnogih razse\u017enosti.&hellip;  Preberi ve\u010d\" \/>\n<meta property=\"og:url\" content=\"https:\/\/drustvoharfistovslovenije.si\/en\/zgodovina\/\" \/>\n<meta property=\"og:site_name\" content=\"Dru\u0161tvo harfistov Slovenije\" \/>\n<meta property=\"article:publisher\" content=\"https:\/\/www.facebook.com\/Drutvo-harfistov-Slovenije-102541785381011\" \/>\n<meta property=\"article:modified_time\" content=\"2022-06-03T19:11:00+00:00\" \/>\n<meta name=\"twitter:card\" content=\"summary_large_image\" \/>\n<meta name=\"twitter:label1\" content=\"Estimated reading time\" \/>\n\t<meta name=\"twitter:data1\" content=\"2 minutes\" \/>\n<script type=\"application\/ld+json\" class=\"yoast-schema-graph\">{\"@context\":\"https:\/\/schema.org\",\"@graph\":[{\"@type\":\"Organization\",\"@id\":\"https:\/\/drustvoharfistovslovenije.si\/#organization\",\"name\":\"Dru\u0161tvo harfistov Slovenije\",\"url\":\"https:\/\/drustvoharfistovslovenije.si\/\",\"sameAs\":[\"https:\/\/www.instagram.com\/drustvoharfistovslovenije\/\",\"https:\/\/www.facebook.com\/Drutvo-harfistov-Slovenije-102541785381011\"],\"logo\":{\"@type\":\"ImageObject\",\"inLanguage\":\"en-GB\",\"@id\":\"https:\/\/drustvoharfistovslovenije.si\/#\/schema\/logo\/image\/\",\"url\":\"https:\/\/drustvoharfistovslovenije.si\/wp-content\/uploads\/2022\/06\/DHS-fb-1200x1200px2.jpg\",\"contentUrl\":\"https:\/\/drustvoharfistovslovenije.si\/wp-content\/uploads\/2022\/06\/DHS-fb-1200x1200px2.jpg\",\"width\":1200,\"height\":1200,\"caption\":\"Dru\u0161tvo harfistov Slovenije\"},\"image\":{\"@id\":\"https:\/\/drustvoharfistovslovenije.si\/#\/schema\/logo\/image\/\"}},{\"@type\":\"WebSite\",\"@id\":\"https:\/\/drustvoharfistovslovenije.si\/#website\",\"url\":\"https:\/\/drustvoharfistovslovenije.si\/\",\"name\":\"Dru\u0161tvo harfistov Slovenije\",\"description\":\"Dru\u0161tvo harfistov Slovenije\",\"publisher\":{\"@id\":\"https:\/\/drustvoharfistovslovenije.si\/#organization\"},\"potentialAction\":[{\"@type\":\"SearchAction\",\"target\":{\"@type\":\"EntryPoint\",\"urlTemplate\":\"https:\/\/drustvoharfistovslovenije.si\/?s={search_term_string}\"},\"query-input\":\"required name=search_term_string\"}],\"inLanguage\":\"en-GB\"},{\"@type\":\"WebPage\",\"@id\":\"https:\/\/drustvoharfistovslovenije.si\/zgodovina\/#webpage\",\"url\":\"https:\/\/drustvoharfistovslovenije.si\/zgodovina\/\",\"name\":\"Zgodovina - Dru\u0161tvo harfistov Slovenije\",\"isPartOf\":{\"@id\":\"https:\/\/drustvoharfistovslovenije.si\/#website\"},\"datePublished\":\"2022-05-25T16:39:19+00:00\",\"dateModified\":\"2022-06-03T19:11:00+00:00\",\"breadcrumb\":{\"@id\":\"https:\/\/drustvoharfistovslovenije.si\/zgodovina\/#breadcrumb\"},\"inLanguage\":\"en-GB\",\"potentialAction\":[{\"@type\":\"ReadAction\",\"target\":[\"https:\/\/drustvoharfistovslovenije.si\/zgodovina\/\"]}]},{\"@type\":\"BreadcrumbList\",\"@id\":\"https:\/\/drustvoharfistovslovenije.si\/zgodovina\/#breadcrumb\",\"itemListElement\":[{\"@type\":\"ListItem\",\"position\":1,\"name\":\"Home\",\"item\":\"https:\/\/drustvoharfistovslovenije.si\/\"},{\"@type\":\"ListItem\",\"position\":2,\"name\":\"Zgodovina\"}]}]}<\/script>\n<!-- \/ Yoast SEO plugin. -->","yoast_head_json":{"title":"Zgodovina - Dru\u0161tvo harfistov Slovenije","robots":{"index":"index","follow":"follow","max-snippet":"max-snippet:-1","max-image-preview":"max-image-preview:large","max-video-preview":"max-video-preview:-1"},"canonical":"https:\/\/drustvoharfistovslovenije.si\/en\/zgodovina\/","og_locale":"en_GB","og_type":"article","og_title":"Zgodovina - Dru\u0161tvo harfistov Slovenije","og_description":"Zgodovina Dru\u0161tvo harfistov Slovenije (v nadaljevanju DHS) je bilo ustanovljeno v Velenju leta 1995 kot prostovoljno zdru\u017eenje profesionalnih harfistov, amaterjev ter ljubiteljev harfe. Osnovni cilj delovanja je \u017ee vse od ustanovitve strokovno povezovanje, organizirano sodelovanje ter skupni interes, da se harfo prepozna v Slovenskem prostoru kot koncertni instrument mnogih razse\u017enosti.&hellip;  Preberi ve\u010d","og_url":"https:\/\/drustvoharfistovslovenije.si\/en\/zgodovina\/","og_site_name":"Dru\u0161tvo harfistov Slovenije","article_publisher":"https:\/\/www.facebook.com\/Drutvo-harfistov-Slovenije-102541785381011","article_modified_time":"2022-06-03T19:11:00+00:00","twitter_card":"summary_large_image","twitter_misc":{"Estimated reading time":"2 minutes"},"schema":{"@context":"https:\/\/schema.org","@graph":[{"@type":"Organization","@id":"https:\/\/drustvoharfistovslovenije.si\/#organization","name":"Dru\u0161tvo harfistov Slovenije","url":"https:\/\/drustvoharfistovslovenije.si\/","sameAs":["https:\/\/www.instagram.com\/drustvoharfistovslovenije\/","https:\/\/www.facebook.com\/Drutvo-harfistov-Slovenije-102541785381011"],"logo":{"@type":"ImageObject","inLanguage":"en-GB","@id":"https:\/\/drustvoharfistovslovenije.si\/#\/schema\/logo\/image\/","url":"https:\/\/drustvoharfistovslovenije.si\/wp-content\/uploads\/2022\/06\/DHS-fb-1200x1200px2.jpg","contentUrl":"https:\/\/drustvoharfistovslovenije.si\/wp-content\/uploads\/2022\/06\/DHS-fb-1200x1200px2.jpg","width":1200,"height":1200,"caption":"Dru\u0161tvo harfistov Slovenije"},"image":{"@id":"https:\/\/drustvoharfistovslovenije.si\/#\/schema\/logo\/image\/"}},{"@type":"WebSite","@id":"https:\/\/drustvoharfistovslovenije.si\/#website","url":"https:\/\/drustvoharfistovslovenije.si\/","name":"Dru\u0161tvo harfistov Slovenije","description":"Dru\u0161tvo harfistov Slovenije","publisher":{"@id":"https:\/\/drustvoharfistovslovenije.si\/#organization"},"potentialAction":[{"@type":"SearchAction","target":{"@type":"EntryPoint","urlTemplate":"https:\/\/drustvoharfistovslovenije.si\/?s={search_term_string}"},"query-input":"required name=search_term_string"}],"inLanguage":"en-GB"},{"@type":"WebPage","@id":"https:\/\/drustvoharfistovslovenije.si\/zgodovina\/#webpage","url":"https:\/\/drustvoharfistovslovenije.si\/zgodovina\/","name":"Zgodovina - Dru\u0161tvo harfistov Slovenije","isPartOf":{"@id":"https:\/\/drustvoharfistovslovenije.si\/#website"},"datePublished":"2022-05-25T16:39:19+00:00","dateModified":"2022-06-03T19:11:00+00:00","breadcrumb":{"@id":"https:\/\/drustvoharfistovslovenije.si\/zgodovina\/#breadcrumb"},"inLanguage":"en-GB","potentialAction":[{"@type":"ReadAction","target":["https:\/\/drustvoharfistovslovenije.si\/zgodovina\/"]}]},{"@type":"BreadcrumbList","@id":"https:\/\/drustvoharfistovslovenije.si\/zgodovina\/#breadcrumb","itemListElement":[{"@type":"ListItem","position":1,"name":"Home","item":"https:\/\/drustvoharfistovslovenije.si\/"},{"@type":"ListItem","position":2,"name":"Zgodovina"}]}]}},"_links":{"self":[{"href":"https:\/\/drustvoharfistovslovenije.si\/en\/wp-json\/wp\/v2\/pages\/10565","targetHints":{"allow":["GET"]}}],"collection":[{"href":"https:\/\/drustvoharfistovslovenije.si\/en\/wp-json\/wp\/v2\/pages"}],"about":[{"href":"https:\/\/drustvoharfistovslovenije.si\/en\/wp-json\/wp\/v2\/types\/page"}],"author":[{"embeddable":true,"href":"https:\/\/drustvoharfistovslovenije.si\/en\/wp-json\/wp\/v2\/users\/1"}],"replies":[{"embeddable":true,"href":"https:\/\/drustvoharfistovslovenije.si\/en\/wp-json\/wp\/v2\/comments?post=10565"}],"version-history":[{"count":13,"href":"https:\/\/drustvoharfistovslovenije.si\/en\/wp-json\/wp\/v2\/pages\/10565\/revisions"}],"predecessor-version":[{"id":11261,"href":"https:\/\/drustvoharfistovslovenije.si\/en\/wp-json\/wp\/v2\/pages\/10565\/revisions\/11261"}],"wp:attachment":[{"href":"https:\/\/drustvoharfistovslovenije.si\/en\/wp-json\/wp\/v2\/media?parent=10565"}],"curies":[{"name":"wp","href":"https:\/\/api.w.org\/{rel}","templated":true}]}}