{"id":10664,"date":"2022-05-31T23:58:13","date_gmt":"2022-05-31T23:58:13","guid":{"rendered":"https:\/\/zveza-harfistov-slovenije.lndo.site\/?page_id=10664"},"modified":"2022-06-07T23:12:22","modified_gmt":"2022-06-07T21:12:22","slug":"pristopna-izjava","status":"publish","type":"page","link":"https:\/\/drustvoharfistovslovenije.si\/en\/pristopna-izjava\/","title":{"rendered":"Application form"},"content":{"rendered":"<div data-elementor-type=\"wp-page\" data-elementor-id=\"10664\" class=\"elementor elementor-10664\">\n\t\t\t\t\t\t\t\t\t<section class=\"elementor-section elementor-top-section elementor-element elementor-element-650c352 elementor-section-boxed elementor-section-height-default elementor-section-height-default\" data-id=\"650c352\" data-element_type=\"section\">\n\t\t\t\t\t\t<div class=\"elementor-container elementor-column-gap-default\">\n\t\t\t\t\t<div class=\"elementor-column elementor-col-100 elementor-top-column elementor-element elementor-element-6c9fe10\" data-id=\"6c9fe10\" data-element_type=\"column\">\n\t\t\t<div class=\"elementor-widget-wrap elementor-element-populated\">\n\t\t\t\t\t\t\t\t<div class=\"elementor-element elementor-element-03b52c1 elementor-widget elementor-widget-heading\" data-id=\"03b52c1\" data-element_type=\"widget\" data-widget_type=\"heading.default\">\n\t\t\t\t<div class=\"elementor-widget-container\">\n\t\t\t<style>\/*! elementor - v3.6.5 - 27-04-2022 *\/\n.elementor-heading-title{padding:0;margin:0;line-height:1}.elementor-widget-heading .elementor-heading-title[class*=elementor-size-]>a{color:inherit;font-size:inherit;line-height:inherit}.elementor-widget-heading .elementor-heading-title.elementor-size-small{font-size:15px}.elementor-widget-heading .elementor-heading-title.elementor-size-medium{font-size:19px}.elementor-widget-heading .elementor-heading-title.elementor-size-large{font-size:29px}.elementor-widget-heading .elementor-heading-title.elementor-size-xl{font-size:39px}.elementor-widget-heading .elementor-heading-title.elementor-size-xxl{font-size:59px}<\/style><h2 class=\"elementor-heading-title elementor-size-default\">Accession declaration for membership of the Association of Slovenian Harp Association<\/h2>\t\t<\/div>\n\t\t\t\t<\/div>\n\t\t\t\t\t<\/div>\n\t\t<\/div>\n\t\t\t\t\t\t\t<\/div>\n\t\t<\/section>\n\t\t\t\t<section class=\"elementor-section elementor-top-section elementor-element elementor-element-2a664ca elementor-section-boxed elementor-section-height-default elementor-section-height-default\" data-id=\"2a664ca\" data-element_type=\"section\">\n\t\t\t\t\t\t<div class=\"elementor-container elementor-column-gap-default\">\n\t\t\t\t\t<div class=\"elementor-column elementor-col-100 elementor-top-column elementor-element elementor-element-cbc424b\" data-id=\"cbc424b\" data-element_type=\"column\">\n\t\t\t<div class=\"elementor-widget-wrap elementor-element-populated\">\n\t\t\t\t\t\t\t\t<div class=\"elementor-element elementor-element-e53a8e0 elementor-widget elementor-widget-alert\" data-id=\"e53a8e0\" data-element_type=\"widget\" data-widget_type=\"alert.default\">\n\t\t\t\t<div class=\"elementor-widget-container\">\n\t\t\t<style>\/*! elementor - v3.6.5 - 27-04-2022 *\/\n.elementor-alert{padding:15px;border-left:5px solid transparent;position:relative;text-align:left}.elementor-alert .elementor-alert-title{display:block;font-weight:700}.elementor-alert .elementor-alert-description{font-size:13px}.elementor-alert button.elementor-alert-dismiss{position:absolute;right:10px;top:10px;padding:3px;font-size:20px;line-height:1;background:transparent;color:inherit;border:none;cursor:pointer}.elementor-alert.elementor-alert-info{color:#31708f;background-color:#d9edf7;border-color:#bcdff1}.elementor-alert.elementor-alert-success{color:#3c763d;background-color:#dff0d8;border-color:#cae6be}.elementor-alert.elementor-alert-warning{color:#8a6d3b;background-color:#fcf8e3;border-color:#f9f0c3}.elementor-alert.elementor-alert-danger{color:#a94442;background-color:#f2dede;border-color:#e8c4c4}@media (max-width:767px){.elementor-alert{padding:10px}.elementor-alert button.elementor-alert-dismiss{right:7px;top:7px}}<\/style>\t\t<div class=\"elementor-alert elementor-alert-warning\" role=\"alert\">\n\t\t\t<span class=\"elementor-alert-title\">MINORS<\/span>\n\t\t\t\t\t\t\t<span class=\"elementor-alert-description\">For minors, the consent is signed by the parents or guardians.<\/span>\n\t\t\t\t\t\t\t\t\t\t<button type=\"button\" class=\"elementor-alert-dismiss\">\n\t\t\t\t\t<span aria-hidden=\"true\">&times;<\/span>\n\t\t\t\t\t<span class=\"elementor-screen-only\">Dismiss alert<\/span>\n\t\t\t\t<\/button>\n\t\t\t\t\t<\/div>\n\t\t\t\t<\/div>\n\t\t\t\t<\/div>\n\t\t\t\t\t<\/div>\n\t\t<\/div>\n\t\t\t\t\t\t\t<\/div>\n\t\t<\/section>\n\t\t\t\t<section class=\"elementor-section elementor-top-section elementor-element elementor-element-7ac8357 elementor-section-boxed elementor-section-height-default elementor-section-height-default\" data-id=\"7ac8357\" data-element_type=\"section\">\n\t\t\t\t\t\t<div class=\"elementor-container elementor-column-gap-default\">\n\t\t\t\t\t<div class=\"elementor-column elementor-col-100 elementor-top-column elementor-element elementor-element-ddce09c\" data-id=\"ddce09c\" data-element_type=\"column\">\n\t\t\t<div class=\"elementor-widget-wrap elementor-element-populated\">\n\t\t\t\t\t\t\t\t<div class=\"elementor-element elementor-element-f9a25eb elementor-widget elementor-widget-wpforms\" data-id=\"f9a25eb\" data-element_type=\"widget\" data-widget_type=\"wpforms.default\">\n\t\t\t\t<div class=\"elementor-widget-container\">\n\t\t\t<div class=\"wpforms-container wpforms-container-full\" id=\"wpforms-10660\"><form id=\"wpforms-form-10660\" class=\"wpforms-validate wpforms-form wpforms-ajax-form\" data-formid=\"10660\" method=\"post\" enctype=\"multipart\/form-data\" action=\"\/en\/wp-json\/wp\/v2\/pages\/10664?wpforms_form_id=10660\" data-token=\"80a3fa52577a19c4a61693054be8a508\" data-trp-original-action=\"\/en\/wp-json\/wp\/v2\/pages\/10664?wpforms_form_id=10660\"><noscript class=\"wpforms-error-noscript\">Please enable JavaScript in your browser to complete this form.<\/noscript><div class=\"wpforms-field-container\"><div id=\"wpforms-10660-field_1-container\" class=\"wpforms-field wpforms-field-text\" data-field-id=\"1\"><label class=\"wpforms-field-label\" for=\"wpforms-10660-field_1\">Full name <span class=\"wpforms-required-label\">*<\/span><\/label><input type=\"text\" id=\"wpforms-10660-field_1\" class=\"wpforms-field-medium wpforms-field-required\" name=\"wpforms[fields][1]\" required><\/div><div id=\"wpforms-10660-field_10-container\" class=\"wpforms-field wpforms-field-date-time\" data-field-id=\"10\"><label class=\"wpforms-field-label\" for=\"wpforms-10660-field_10\">Date of birth <span class=\"wpforms-required-label\">*<\/span><\/label><div class=\"wpforms-datepicker-wrap\"><input type=\"text\" id=\"wpforms-10660-field_10\" class=\"wpforms-field-date-time-date wpforms-datepicker wpforms-field-required wpforms-field-medium\" data-date-format=\"m\/d\/Y\" data-disable-past-dates=\"0\" data-input=\"true\" name=\"wpforms[fields][10][date]\" required><a title=\"Clear Date\" data-clear class=\"wpforms-datepicker-clear\" style=\"display:none;\"><\/a><\/div><\/div><div id=\"wpforms-10660-field_3-container\" class=\"wpforms-field wpforms-field-text\" data-field-id=\"3\"><label class=\"wpforms-field-label\" for=\"wpforms-10660-field_3\">Place of birth <span class=\"wpforms-required-label\">*<\/span><\/label><input type=\"text\" id=\"wpforms-10660-field_3\" class=\"wpforms-field-medium wpforms-field-required\" name=\"wpforms[fields][3]\" required><\/div><div id=\"wpforms-10660-field_4-container\" class=\"wpforms-field wpforms-field-text\" data-field-id=\"4\"><label class=\"wpforms-field-label\" for=\"wpforms-10660-field_4\">Resident <span class=\"wpforms-required-label\">*<\/span><\/label><input type=\"text\" id=\"wpforms-10660-field_4\" class=\"wpforms-field-medium wpforms-field-required\" name=\"wpforms[fields][4]\" required><\/div><div id=\"wpforms-10660-field_6-container\" class=\"wpforms-field wpforms-field-text\" data-field-id=\"6\"><label class=\"wpforms-field-label\" for=\"wpforms-10660-field_6\">Mail <span class=\"wpforms-required-label\">*<\/span><\/label><input type=\"text\" id=\"wpforms-10660-field_6\" class=\"wpforms-field-medium wpforms-field-required\" name=\"wpforms[fields][6]\" required><\/div><div id=\"wpforms-10660-field_5-container\" class=\"wpforms-field wpforms-field-text\" data-field-id=\"5\"><label class=\"wpforms-field-label\" for=\"wpforms-10660-field_5\">Phone <span class=\"wpforms-required-label\">*<\/span><\/label><input type=\"text\" id=\"wpforms-10660-field_5\" class=\"wpforms-field-medium wpforms-field-required\" name=\"wpforms[fields][5]\" required><\/div><div id=\"wpforms-10660-field_7-container\" class=\"wpforms-field wpforms-field-email\" data-field-id=\"7\"><label class=\"wpforms-field-label\" for=\"wpforms-10660-field_7\">E-Mail <span class=\"wpforms-required-label\">*<\/span><\/label><input type=\"email\" id=\"wpforms-10660-field_7\" class=\"wpforms-field-medium wpforms-field-required\" name=\"wpforms[fields][7]\" required><\/div><div id=\"wpforms-10660-field_9-container\" class=\"wpforms-field wpforms-field-file-upload\" data-field-id=\"9\"><label class=\"wpforms-field-label\" for=\"wpforms-10660-field_9\">Files <span class=\"wpforms-required-label\">*<\/span><\/label><div\n\t\tclass=\"wpforms-uploader\"\n\t\tdata-field-id=\"9\"\n\t\tdata-form-id=\"10660\"\n\t\tdata-input-name=\"wpforms_10660_9\"\n\t\tdata-extensions=\"pdf,png,jpg,zip,rar\"\n\t\tdata-max-size=\"3145728\"\n\t\tdata-max-file-number=\"2\"\n\t\tdata-post-max-size=\"536870912\"\n\t\tdata-max-parallel-uploads=\"4\"\n\t\tdata-parallel-uploads=\"true\"\n\t\tdata-file-chunk-size=\"2097152\">\n\t<div class=\"dz-message\">\n\t\t<svg viewbox=\"0 0 1024 1024\" focusable=\"false\" data-icon=\"inbox\" width=\"50px\" height=\"50px\" fill=\"#b1b1b1\" aria-hidden=\"true\">\n\t\t\t<path d=\"M885.2 446.3l-.2-.8-112.2-285.1c-5-16.1-19.9-27.2-36.8-27.2H281.2c-17 0-32.1 11.3-36.9 27.6L139.4 443l-.3.7-.2.8c-1.3 4.9-1.7 9.9-1 14.8-.1 1.6-.2 3.2-.2 4.8V830a60.9 60.9 0 0 0 60.8 60.8h627.2c33.5 0 60.8-27.3 60.9-60.8V464.1c0-1.3 0-2.6-.1-3.7.4-4.9 0-9.6-1.3-14.1zm-295.8-43l-.3 15.7c-.8 44.9-31.8 75.1-77.1 75.1-22.1 0-41.1-7.1-54.8-20.6S436 441.2 435.6 419l-.3-15.7H229.5L309 210h399.2l81.7 193.3H589.4zm-375 76.8h157.3c24.3 57.1 76 90.8 140.4 90.8 33.7 0 65-9.4 90.3-27.2 22.2-15.6 39.5-37.4 50.7-63.6h156.5V814H214.4V480.1z\"><\/path>\n\t\t<\/svg>\n\t\t<span class=\"modern-title\">Click or drag files to this area to upload.<\/span>\n\n\t\t\t\t\t<span class=\"modern-hint\">You can upload up to 2 files.<\/span>\n\t\t\t<\/div>\n<\/div>\n<input\n\t\ttype=\"text\"\n\t\tautocomplete=\"off\"\n\t\tclass=\"dropzone-input\"\n\t\tstyle=\"position:absolute!important;clip:rect(0,0,0,0)!important;height:1px!important;width:1px!important;border:0!important;overflow:hidden!important;padding:0!important;margin:0!important;\"\n\t\tid=\"wpforms-10660-field_9\"\n\t\tname=\"wpforms_10660_9\" required\t\tvalue=\"\">\n<div class=\"wpforms-field-description\">To confirm the application, it is necessary to enclose a scanned certificate of payment of membership fee, and signed and completed <a href=\"https:\/\/drustvoharfistovslovenije.si\/wp-content\/uploads\/2022\/06\/SOGLASJE-O-UPORABI-OSEBNIH-PODATKOV.pdf\">consent<\/a>.<\/div><\/div><\/div><div class=\"wpforms-submit-container\"><input type=\"hidden\" name=\"wpforms[id]\" value=\"10660\"><input type=\"hidden\" name=\"wpforms[author]\" value=\"1\"><button type=\"submit\" name=\"wpforms[submit]\" id=\"wpforms-submit-10660\" class=\"wpforms-submit\" data-alt-text=\"Sending...\" data-submit-text=\"ODDAJ\" aria-live=\"assertive\" value=\"wpforms-submit\">FILE APPLICATION<\/button><img loading=\"lazy\" decoding=\"async\" src=\"https:\/\/drustvoharfistovslovenije.si\/wp-content\/plugins\/wpforms\/assets\/images\/submit-spin.svg\" class=\"wpforms-submit-spinner\" style=\"display: none;\" width=\"26\" height=\"26\" alt=\"\"><\/div><input type=\"hidden\" name=\"trp-form-language\" value=\"en\"\/><\/form><\/div>  <!-- .wpforms-container -->\t\t<\/div>\n\t\t\t\t<\/div>\n\t\t\t\t<div class=\"elementor-element elementor-element-c2d5ef7 elementor-widget elementor-widget-text-editor\" data-id=\"c2d5ef7\" data-element_type=\"widget\" data-widget_type=\"text-editor.default\">\n\t\t\t\t<div class=\"elementor-widget-container\">\n\t\t\t<style>\/*! elementor - v3.6.5 - 27-04-2022 *\/\n.elementor-widget-text-editor.elementor-drop-cap-view-stacked .elementor-drop-cap{background-color:#818a91;color:#fff}.elementor-widget-text-editor.elementor-drop-cap-view-framed .elementor-drop-cap{color:#818a91;border:3px solid;background-color:transparent}.elementor-widget-text-editor:not(.elementor-drop-cap-view-default) .elementor-drop-cap{margin-top:8px}.elementor-widget-text-editor:not(.elementor-drop-cap-view-default) .elementor-drop-cap-letter{width:1em;height:1em}.elementor-widget-text-editor .elementor-drop-cap{float:left;text-align:center;line-height:1;font-size:50px}.elementor-widget-text-editor .elementor-drop-cap-letter{display:inline-block}<\/style>\t\t\t\t<p><strong>Files:<\/strong><\/p><ul><li><a href=\"https:\/\/drustvoharfistovslovenije.si\/wp-content\/uploads\/2022\/06\/SOGLASJE-O-UPORABI-OSEBNIH-PODATKOV.pdf\">CONSENT ON THE USE OF PERSONAL DATA<\/a><\/li><\/ul>\t\t\t\t\t\t<\/div>\n\t\t\t\t<\/div>\n\t\t\t\t\t<\/div>\n\t\t<\/div>\n\t\t\t\t\t\t\t<\/div>\n\t\t<\/section>\n\t\t\t\t\t\t\t<\/div>","protected":false},"excerpt":{"rendered":"<p>Pristopna izjava za \u010dlanstvo v dru\u0161tvu harfistov Slovenije MLADOLETNE OSEBE Za mladoletne osebe soglasje podpi\u0161ejo star\u0161i oziroma skrbniki. &times; Dismiss alert Datoteke: SOGLASJE O UPORABI OSEBNIH PODATKOV<\/p>","protected":false},"author":1,"featured_media":0,"parent":0,"menu_order":0,"comment_status":"closed","ping_status":"closed","template":"","meta":{"footnotes":""},"class_list":["post-10664","page","type-page","status-publish"],"yoast_head":"<!-- This site is optimized with the Yoast SEO plugin v19.0 - https:\/\/yoast.com\/wordpress\/plugins\/seo\/ -->\n<title>Pristopna izjava - Dru\u0161tvo harfistov Slovenije<\/title>\n<meta name=\"robots\" content=\"index, follow, max-snippet:-1, max-image-preview:large, max-video-preview:-1\" \/>\n<link rel=\"canonical\" href=\"https:\/\/drustvoharfistovslovenije.si\/en\/pristopna-izjava\/\" \/>\n<meta property=\"og:locale\" content=\"en_GB\" \/>\n<meta property=\"og:type\" content=\"article\" \/>\n<meta property=\"og:title\" content=\"Pristopna izjava - Dru\u0161tvo harfistov Slovenije\" \/>\n<meta property=\"og:description\" content=\"Pristopna izjava za \u010dlanstvo v dru\u0161tvu harfistov Slovenije MLADOLETNE OSEBE Za mladoletne osebe soglasje podpi\u0161ejo star\u0161i oziroma skrbniki. &times; Dismiss alert Datoteke: SOGLASJE O UPORABI OSEBNIH PODATKOV\" \/>\n<meta property=\"og:url\" content=\"https:\/\/drustvoharfistovslovenije.si\/en\/pristopna-izjava\/\" \/>\n<meta property=\"og:site_name\" content=\"Dru\u0161tvo harfistov Slovenije\" \/>\n<meta property=\"article:publisher\" content=\"https:\/\/www.facebook.com\/Drutvo-harfistov-Slovenije-102541785381011\" \/>\n<meta property=\"article:modified_time\" content=\"2022-06-07T21:12:22+00:00\" \/>\n<meta name=\"twitter:card\" content=\"summary_large_image\" \/>\n<script type=\"application\/ld+json\" class=\"yoast-schema-graph\">{\"@context\":\"https:\/\/schema.org\",\"@graph\":[{\"@type\":\"Organization\",\"@id\":\"https:\/\/drustvoharfistovslovenije.si\/#organization\",\"name\":\"Dru\u0161tvo harfistov Slovenije\",\"url\":\"https:\/\/drustvoharfistovslovenije.si\/\",\"sameAs\":[\"https:\/\/www.instagram.com\/drustvoharfistovslovenije\/\",\"https:\/\/www.facebook.com\/Drutvo-harfistov-Slovenije-102541785381011\"],\"logo\":{\"@type\":\"ImageObject\",\"inLanguage\":\"en-GB\",\"@id\":\"https:\/\/drustvoharfistovslovenije.si\/#\/schema\/logo\/image\/\",\"url\":\"https:\/\/drustvoharfistovslovenije.si\/wp-content\/uploads\/2022\/06\/DHS-fb-1200x1200px2.jpg\",\"contentUrl\":\"https:\/\/drustvoharfistovslovenije.si\/wp-content\/uploads\/2022\/06\/DHS-fb-1200x1200px2.jpg\",\"width\":1200,\"height\":1200,\"caption\":\"Dru\u0161tvo harfistov Slovenije\"},\"image\":{\"@id\":\"https:\/\/drustvoharfistovslovenije.si\/#\/schema\/logo\/image\/\"}},{\"@type\":\"WebSite\",\"@id\":\"https:\/\/drustvoharfistovslovenije.si\/#website\",\"url\":\"https:\/\/drustvoharfistovslovenije.si\/\",\"name\":\"Dru\u0161tvo harfistov Slovenije\",\"description\":\"Dru\u0161tvo harfistov Slovenije\",\"publisher\":{\"@id\":\"https:\/\/drustvoharfistovslovenije.si\/#organization\"},\"potentialAction\":[{\"@type\":\"SearchAction\",\"target\":{\"@type\":\"EntryPoint\",\"urlTemplate\":\"https:\/\/drustvoharfistovslovenije.si\/?s={search_term_string}\"},\"query-input\":\"required name=search_term_string\"}],\"inLanguage\":\"en-GB\"},{\"@type\":\"WebPage\",\"@id\":\"https:\/\/drustvoharfistovslovenije.si\/pristopna-izjava\/#webpage\",\"url\":\"https:\/\/drustvoharfistovslovenije.si\/pristopna-izjava\/\",\"name\":\"Pristopna izjava - Dru\u0161tvo harfistov Slovenije\",\"isPartOf\":{\"@id\":\"https:\/\/drustvoharfistovslovenije.si\/#website\"},\"datePublished\":\"2022-05-31T23:58:13+00:00\",\"dateModified\":\"2022-06-07T21:12:22+00:00\",\"breadcrumb\":{\"@id\":\"https:\/\/drustvoharfistovslovenije.si\/pristopna-izjava\/#breadcrumb\"},\"inLanguage\":\"en-GB\",\"potentialAction\":[{\"@type\":\"ReadAction\",\"target\":[\"https:\/\/drustvoharfistovslovenije.si\/pristopna-izjava\/\"]}]},{\"@type\":\"BreadcrumbList\",\"@id\":\"https:\/\/drustvoharfistovslovenije.si\/pristopna-izjava\/#breadcrumb\",\"itemListElement\":[{\"@type\":\"ListItem\",\"position\":1,\"name\":\"Home\",\"item\":\"https:\/\/drustvoharfistovslovenije.si\/\"},{\"@type\":\"ListItem\",\"position\":2,\"name\":\"Pristopna izjava\"}]}]}<\/script>\n<!-- \/ Yoast SEO plugin. -->","yoast_head_json":{"title":"Pristopna izjava - Dru\u0161tvo harfistov Slovenije","robots":{"index":"index","follow":"follow","max-snippet":"max-snippet:-1","max-image-preview":"max-image-preview:large","max-video-preview":"max-video-preview:-1"},"canonical":"https:\/\/drustvoharfistovslovenije.si\/en\/pristopna-izjava\/","og_locale":"en_GB","og_type":"article","og_title":"Pristopna izjava - Dru\u0161tvo harfistov Slovenije","og_description":"Pristopna izjava za \u010dlanstvo v dru\u0161tvu harfistov Slovenije MLADOLETNE OSEBE Za mladoletne osebe soglasje podpi\u0161ejo star\u0161i oziroma skrbniki. &times; Dismiss alert Datoteke: SOGLASJE O UPORABI OSEBNIH PODATKOV","og_url":"https:\/\/drustvoharfistovslovenije.si\/en\/pristopna-izjava\/","og_site_name":"Dru\u0161tvo harfistov Slovenije","article_publisher":"https:\/\/www.facebook.com\/Drutvo-harfistov-Slovenije-102541785381011","article_modified_time":"2022-06-07T21:12:22+00:00","twitter_card":"summary_large_image","schema":{"@context":"https:\/\/schema.org","@graph":[{"@type":"Organization","@id":"https:\/\/drustvoharfistovslovenije.si\/#organization","name":"Dru\u0161tvo harfistov Slovenije","url":"https:\/\/drustvoharfistovslovenije.si\/","sameAs":["https:\/\/www.instagram.com\/drustvoharfistovslovenije\/","https:\/\/www.facebook.com\/Drutvo-harfistov-Slovenije-102541785381011"],"logo":{"@type":"ImageObject","inLanguage":"en-GB","@id":"https:\/\/drustvoharfistovslovenije.si\/#\/schema\/logo\/image\/","url":"https:\/\/drustvoharfistovslovenije.si\/wp-content\/uploads\/2022\/06\/DHS-fb-1200x1200px2.jpg","contentUrl":"https:\/\/drustvoharfistovslovenije.si\/wp-content\/uploads\/2022\/06\/DHS-fb-1200x1200px2.jpg","width":1200,"height":1200,"caption":"Dru\u0161tvo harfistov Slovenije"},"image":{"@id":"https:\/\/drustvoharfistovslovenije.si\/#\/schema\/logo\/image\/"}},{"@type":"WebSite","@id":"https:\/\/drustvoharfistovslovenije.si\/#website","url":"https:\/\/drustvoharfistovslovenije.si\/","name":"Dru\u0161tvo harfistov Slovenije","description":"Dru\u0161tvo harfistov Slovenije","publisher":{"@id":"https:\/\/drustvoharfistovslovenije.si\/#organization"},"potentialAction":[{"@type":"SearchAction","target":{"@type":"EntryPoint","urlTemplate":"https:\/\/drustvoharfistovslovenije.si\/?s={search_term_string}"},"query-input":"required name=search_term_string"}],"inLanguage":"en-GB"},{"@type":"WebPage","@id":"https:\/\/drustvoharfistovslovenije.si\/pristopna-izjava\/#webpage","url":"https:\/\/drustvoharfistovslovenije.si\/pristopna-izjava\/","name":"Pristopna izjava - Dru\u0161tvo harfistov Slovenije","isPartOf":{"@id":"https:\/\/drustvoharfistovslovenije.si\/#website"},"datePublished":"2022-05-31T23:58:13+00:00","dateModified":"2022-06-07T21:12:22+00:00","breadcrumb":{"@id":"https:\/\/drustvoharfistovslovenije.si\/pristopna-izjava\/#breadcrumb"},"inLanguage":"en-GB","potentialAction":[{"@type":"ReadAction","target":["https:\/\/drustvoharfistovslovenije.si\/pristopna-izjava\/"]}]},{"@type":"BreadcrumbList","@id":"https:\/\/drustvoharfistovslovenije.si\/pristopna-izjava\/#breadcrumb","itemListElement":[{"@type":"ListItem","position":1,"name":"Home","item":"https:\/\/drustvoharfistovslovenije.si\/"},{"@type":"ListItem","position":2,"name":"Pristopna izjava"}]}]}},"_links":{"self":[{"href":"https:\/\/drustvoharfistovslovenije.si\/en\/wp-json\/wp\/v2\/pages\/10664","targetHints":{"allow":["GET"]}}],"collection":[{"href":"https:\/\/drustvoharfistovslovenije.si\/en\/wp-json\/wp\/v2\/pages"}],"about":[{"href":"https:\/\/drustvoharfistovslovenije.si\/en\/wp-json\/wp\/v2\/types\/page"}],"author":[{"embeddable":true,"href":"https:\/\/drustvoharfistovslovenije.si\/en\/wp-json\/wp\/v2\/users\/1"}],"replies":[{"embeddable":true,"href":"https:\/\/drustvoharfistovslovenije.si\/en\/wp-json\/wp\/v2\/comments?post=10664"}],"version-history":[{"count":22,"href":"https:\/\/drustvoharfistovslovenije.si\/en\/wp-json\/wp\/v2\/pages\/10664\/revisions"}],"predecessor-version":[{"id":11399,"href":"https:\/\/drustvoharfistovslovenije.si\/en\/wp-json\/wp\/v2\/pages\/10664\/revisions\/11399"}],"wp:attachment":[{"href":"https:\/\/drustvoharfistovslovenije.si\/en\/wp-json\/wp\/v2\/media?parent=10664"}],"curies":[{"name":"wp","href":"https:\/\/api.w.org\/{rel}","templated":true}]}}