{"id":10721,"date":"2022-06-01T00:34:21","date_gmt":"2022-06-01T00:34:21","guid":{"rendered":"https:\/\/zveza-harfistov-slovenije.lndo.site\/?page_id=10721"},"modified":"2022-06-07T23:47:45","modified_gmt":"2022-06-07T21:47:45","slug":"izbor-obveznih-skladb","status":"publish","type":"page","link":"https:\/\/drustvoharfistovslovenije.si\/en\/izbor-obveznih-skladb\/","title":{"rendered":"List of compulsory programme"},"content":{"rendered":"<div data-elementor-type=\"wp-page\" data-elementor-id=\"10721\" class=\"elementor elementor-10721\">\n\t\t\t\t\t\t\t\t\t<section class=\"elementor-section elementor-top-section elementor-element elementor-element-e89d356 elementor-section-boxed elementor-section-height-default elementor-section-height-default\" data-id=\"e89d356\" data-element_type=\"section\">\n\t\t\t\t\t\t<div class=\"elementor-container elementor-column-gap-default\">\n\t\t\t\t\t<div class=\"elementor-column elementor-col-100 elementor-top-column elementor-element elementor-element-f4e2262\" data-id=\"f4e2262\" data-element_type=\"column\">\n\t\t\t<div class=\"elementor-widget-wrap elementor-element-populated\">\n\t\t\t\t\t\t\t\t<div class=\"elementor-element elementor-element-4a1516a elementor-widget elementor-widget-heading\" data-id=\"4a1516a\" data-element_type=\"widget\" data-widget_type=\"heading.default\">\n\t\t\t\t<div class=\"elementor-widget-container\">\n\t\t\t<style>\/*! elementor - v3.6.5 - 27-04-2022 *\/\n.elementor-heading-title{padding:0;margin:0;line-height:1}.elementor-widget-heading .elementor-heading-title[class*=elementor-size-]>a{color:inherit;font-size:inherit;line-height:inherit}.elementor-widget-heading .elementor-heading-title.elementor-size-small{font-size:15px}.elementor-widget-heading .elementor-heading-title.elementor-size-medium{font-size:19px}.elementor-widget-heading .elementor-heading-title.elementor-size-large{font-size:29px}.elementor-widget-heading .elementor-heading-title.elementor-size-xl{font-size:39px}.elementor-widget-heading .elementor-heading-title.elementor-size-xxl{font-size:59px}<\/style><h2 class=\"elementor-heading-title elementor-size-default\">List of compulsory programme<\/h2>\t\t<\/div>\n\t\t\t\t<\/div>\n\t\t\t\t\t<\/div>\n\t\t<\/div>\n\t\t\t\t\t\t\t<\/div>\n\t\t<\/section>\n\t\t\t\t<section class=\"elementor-section elementor-top-section elementor-element elementor-element-21d8eb5 elementor-section-boxed elementor-section-height-default elementor-section-height-default\" data-id=\"21d8eb5\" data-element_type=\"section\">\n\t\t\t\t\t\t<div class=\"elementor-container elementor-column-gap-default\">\n\t\t\t\t\t<div class=\"elementor-column elementor-col-100 elementor-top-column elementor-element elementor-element-9e8b5af\" data-id=\"9e8b5af\" data-element_type=\"column\">\n\t\t\t<div class=\"elementor-widget-wrap elementor-element-populated\">\n\t\t\t\t\t\t\t\t<div class=\"elementor-element elementor-element-2d18752 elementor-widget elementor-widget-text-editor\" data-id=\"2d18752\" data-element_type=\"widget\" data-widget_type=\"text-editor.default\">\n\t\t\t\t<div class=\"elementor-widget-container\">\n\t\t\t<style>\/*! elementor - v3.6.5 - 27-04-2022 *\/\n.elementor-widget-text-editor.elementor-drop-cap-view-stacked .elementor-drop-cap{background-color:#818a91;color:#fff}.elementor-widget-text-editor.elementor-drop-cap-view-framed .elementor-drop-cap{color:#818a91;border:3px solid;background-color:transparent}.elementor-widget-text-editor:not(.elementor-drop-cap-view-default) .elementor-drop-cap{margin-top:8px}.elementor-widget-text-editor:not(.elementor-drop-cap-view-default) .elementor-drop-cap-letter{width:1em;height:1em}.elementor-widget-text-editor .elementor-drop-cap{float:left;text-align:center;line-height:1;font-size:50px}.elementor-widget-text-editor .elementor-drop-cap-letter{display:inline-block}<\/style>\t\t\t\t<p><span style=\"color: #000000;\"><span style=\"font-family: Times New Roman, serif;\"><u><b>CATEGORY A<\/b><\/u><\/span><\/span><\/p>\n<p><span style=\"color: #000000;\"><span style=\"font-family: Times New Roman, serif;\">Bernatovi\u0107 Dalibor (1963): Uspavanka za Lano<\/span><\/span><\/p>\n<p><span style=\"color: #000000;\"><span style=\"font-family: Times New Roman, serif;\">Grandjany Marcel (1891 \u2013 1975): Bonjour, Monsieur Rameau <\/span><\/span><\/p>\n<p><span style=\"color: #000000;\"><span style=\"font-family: Times New Roman, serif;\">Grandjany Marcel (1891 \u2013 1975): Melissa <\/span><\/span><\/p>\n<p><span style=\"color: #000000;\"><span style=\"font-family: Times New Roman, serif;\">Grandjany Marcel (1891 \u2013 1975): R\u00eaverie <\/span><\/span><\/p>\n<p><span style=\"color: #000000;\"><span style=\"font-family: Times New Roman, serif;\">Gurlitt Cornelius (1820 \u2013 1901): Andante <\/span><\/span><\/p>\n<p><span style=\"color: #000000;\"><span style=\"font-family: Times New Roman, serif;\">Hasselmans Alphonse (1845 \u2013 1912): Rouet <\/span><\/span><\/p>\n<p><span style=\"color: #000000;\"><span style=\"font-family: Times New Roman, serif;\">Hasselmans Alphonse (1845 \u2013 1912): Petite Berceuse<\/span><\/span><\/p>\n<p><span style=\"color: #000000;\"><span style=\"font-family: Times New Roman, serif;\">McDonald Susann (1935) &amp; Wood Linda (1945): Harp Solos, Graded Recital Pieces (any piece from Volume one)<\/span><\/span><\/p>\n<p><span style=\"color: #000000;\"><span style=\"font-family: Times New Roman, serif;\">Reni\u00e9 Henriette (1875 \u2013 1956): Ang\u00e9lus <\/span><\/span><\/p>\n<p><span style=\"color: #000000;\"><span style=\"font-family: Times New Roman, serif;\">Reni\u00e9 Henriette (1875 \u2013 1956): Grand\u2019M\u00e8re Raconte Une Histoire<\/span><\/span><\/p>\n<p><span style=\"color: #000000;\"><span style=\"font-family: Times New Roman, serif;\"><u><b>CATEGORY B<\/b><\/u><\/span><\/span><\/p>\n<p><span style=\"color: #000000;\"><span style=\"font-family: Times New Roman, serif;\">Andr\u00e8s Bernard (1941): Automates pour harpe (any piece from the book)<\/span><\/span><\/p>\n<p><span style=\"color: #000000;\"><span style=\"font-family: Times New Roman, serif;\">Andr\u00e8s Bernard (1941): Epices pour harpe (any piece from the book)<\/span><\/span><\/p>\n<p><span style=\"color: #000000;\"><span style=\"font-family: Times New Roman, serif;\">Bernatovi\u0107 Dalibor (1963): Romanca za Brina<\/span><\/span><\/p>\n<p><span style=\"color: #000000;\"><span style=\"font-family: Times New Roman, serif;\">Hasselmans Alphonse (1845 \u2013 1912): Feuilles d&#8217;automne \u2013 no.1: Serenade melancolique op. 45<\/span><\/span><\/p>\n<p><span style=\"color: #000000;\"><span style=\"font-family: Times New Roman, serif;\">Henson \u2013 Conant Deborah (1953): Baroque flamenco (any version)<\/span><\/span><\/p>\n<p><span style=\"color: #000000;\"><span style=\"font-family: Times New Roman, serif;\">Kuhlau Daniel Friedrich (1786 \u2013 1832): Th\u00e8me et variations arr. Dominig Bouchaud (1957)<\/span><\/span><\/p>\n<p><span style=\"color: #000000;\"><span style=\"font-family: Times New Roman, serif;\">McDonald Susann (1935) &amp; Wood Linda (1945): Harp Solos, Graded Recital Pieces (any piece from Volume two, three, four)<\/span><\/span><\/p>\n<p><span style=\"color: #000000;\"><span style=\"font-family: Times New Roman, serif;\">Mchedelov Mikhail (1903 \u2013 1974): Alenushka <\/span><\/span><\/p>\n<p><span style=\"color: #000000;\"><span style=\"font-family: Times New Roman, serif;\">Turlough&nbsp;<\/span><\/span><em><span style=\"color: #000000;\"><span style=\"font-family: Times New Roman, serif;\">O&#8217;Carolan (1670 \u2013 1738): <\/span><\/span><\/em><span style=\"color: #000000;\"><span style=\"font-family: Times New Roman, serif;\">Concerto (any transcription)<\/span><\/span><\/p>\n<p><span style=\"color: #000000;\"><span style=\"font-family: Times New Roman, serif;\">Scarlatti Alessandro (1660 \u2013 1725): Minuetto (from the Panorama De La Harpe Celtique &#8211; Dominig Bouchaud Volume 1, no. 19)<\/span><\/span><\/p>\n<p><span style=\"color: #000000;\"><span style=\"font-family: Times New Roman, serif;\"><u><b>CATEGORY C<\/b><\/u><\/span><\/span><\/p>\n<p><span style=\"color: #000000;\"><span style=\"font-family: Times New Roman, serif;\">Bernatovi\u0107 Dalibor (1963): Imagination no.1, 2 or 3<\/span><\/span><\/p>\n<p><span style=\"color: #000000;\"><span style=\"font-family: Times New Roman, serif;\">Glinka Mikhail (1804 \u2013 1857): Nocturne<\/span><\/span><\/p>\n<p><span style=\"color: #000000;\"><span style=\"font-family: Times New Roman, serif;\">Grandjany Marcel (1891 \u2013 1975): Autumne<\/span><\/span><\/p>\n<p><span style=\"color: #000000;\"><span style=\"font-family: Times New Roman, serif;\">H\u00e4ndel George Friedric (1685 \u2013 1759): Passacaille<\/span><\/span><\/p>\n<p><span style=\"color: #000000;\"><span style=\"font-family: Times New Roman, serif;\">Hasselmans Alphonse (1845 \u2013 1912): Nocturne op. 43<\/span><\/span><\/p>\n<p><span style=\"color: #000000;\"><span style=\"font-family: Times New Roman, serif;\">Hasselmans Alphonse (1845 \u2013 1912): Pri\u00e8re<\/span><\/span><\/p>\n<p><span style=\"color: #000000;\"><span style=\"font-family: Times New Roman, serif;\">Naderman Fran\u00e7ois &#8211; Jean (1781 \u2013 1835): 7 Sonates Progressives op. 92 (1st movement of any Sonatina)<\/span><\/span><\/p>\n<p><span style=\"color: #000000;\"><span style=\"font-family: Times New Roman, serif;\">Salzedo Carlos (1885 \u2013 1961): Chanson dans la Nuit<\/span><\/span><\/p>\n<p><span style=\"color: #000000;\"><span style=\"font-family: Times New Roman, serif;\">Salzedo Carlos (1885 \u2013 1961): Suite of Eight Dances (any piece from the book)<\/span><\/span><\/p>\n<p><span style=\"color: #000000;\"><span style=\"font-family: Times New Roman, serif;\">Thomas John (1826 \u2013 1913): The Minstrel&#8217;s Adieu to his Native Land<\/span><\/span><\/p>\n<p><span style=\"color: #000000;\"><span style=\"font-family: Times New Roman, serif;\"><u><b>CATEGORY D<\/b><\/u><\/span><\/span><\/p>\n<p><span style=\"color: #000000;\"><span style=\"font-family: Times New Roman, serif;\">Bach Johann Sebastian (1685 \u2013 1750) \/ Grandjany Marcel (1891 \u2013 1975):&nbsp;12 Etudes for harp op. 45 (any etude from the book)<\/span><\/span><\/p>\n<p><span style=\"color: #000000;\"><span style=\"font-family: Times New Roman, serif;\">Bernatovi\u0107 Dalibor (1963): Melanholi\u010dni val\u010dek <\/span><\/span><\/p>\n<p><span style=\"color: #000000;\"><span style=\"font-family: Times New Roman, serif;\">Debussy Claude (1862 \u2013 1918): Premi\u00e8re Arabesque<\/span><\/span><\/p>\n<p><span style=\"color: #000000;\"><span style=\"font-family: Times New Roman, serif;\">Debussy Claude (1862 \u2013 1918): Clair de Lune <\/span><\/span><\/p>\n<p><span style=\"color: #000000;\"><span style=\"font-family: Times New Roman, serif;\">Grandjany Marcel (1891 \u2013 1975): Fantaisie pour Harpe sur un th\u00e8me de J. Hydn <\/span><\/span><\/p>\n<p><span style=\"color: #000000;\"><span style=\"font-family: Times New Roman, serif;\">Godefroid Felix (1818 \u2013 1897): Etude de Concert in E &#8211; flat minor op.193<\/span><\/span><\/p>\n<p><span style=\"color: #000000;\"><span style=\"font-family: Times New Roman, serif;\">Hasselmans Alphonse (1845 \u2013 1912): La Source op. 44<\/span><\/span><\/p>\n<p><span style=\"color: #000000;\"><span style=\"font-family: Times New Roman, serif;\">Piern\u00e9 Gabriel (1863 \u2013 1937): Impromptu &#8211; Caprice op. 9<\/span><\/span><\/p>\n<p><span style=\"color: #000000;\"><span style=\"font-family: Times New Roman, serif;\">Tournier Marcel (1879 \u2013 1951): \u00c9tude de Concert (Au matin) <\/span><\/span><\/p>\n<p><span style=\"color: #000000;\"><span style=\"font-family: Times New Roman, serif;\">Zabel Albert (1834 \u2013 1910): La Source, op. 23<\/span><\/span><\/p>\n<p><span style=\"color: #000000;\"><span style=\"font-family: Times New Roman, serif;\"><u><b>CATEGORY E<\/b><\/u><\/span><\/span><\/p>\n<p><span style=\"color: #000000;\"><span style=\"font-family: Times New Roman, serif;\">Bernatovi\u0107 Dalibor (1963): Improvizacija (Brezno \u017eivljenja)<\/span><\/span><\/p>\n<p><span style=\"color: #000000;\"><span style=\"font-family: Times New Roman, serif;\">Faur\u00e9 Gabriel (1845 \u2013 1924): Impromptu op. 86<\/span><\/span><\/p>\n<p><span style=\"color: #000000;\"><span style=\"font-family: Times New Roman, serif;\">Faur\u00e9 Gabriel (1845 \u2013 1924): Une Ch\u00e2telaine en sa tour op. 110<\/span><\/span><\/p>\n<p><span style=\"color: #000000;\"><span style=\"font-family: Times New Roman, serif;\">Grandjany Marcel (1891 \u2013 1975): Rhapsodie op. 10<\/span><\/span><\/p>\n<p><span style=\"color: #000000;\"><span style=\"font-family: Times New Roman, serif;\">H\u00e4ndel George Friedric (1685 \u2013 1759): Concerto&nbsp;op. 4 no. 6 HWV 294 (1st movement, any edition)<\/span><\/span><\/p>\n<p><span style=\"color: #000000;\"><span style=\"font-family: Times New Roman, serif;\">Parish Alvars Elias (1808 \u2013 1849): Introduction, Cadenza &amp; Rondo (from &#8220;Fantasy on Italian Airs&#8221;) edited by David Watkins (1938)<\/span><\/span><\/p>\n<p><span style=\"color: #000000;\"><span style=\"font-family: Times New Roman, serif;\">Reni\u00e9 Henriette (1875 \u2013 1956): L\u00e9gende<\/span><\/span><\/p>\n<p><span style=\"color: #000000;\"><span style=\"font-family: Times New Roman, serif;\">Roussel Albert (1869 \u2013 1937): Impromptu op. 21<\/span><\/span><\/p>\n<p><span style=\"color: #000000;\"><span style=\"font-family: Times New Roman, serif;\">Spohr Louis (1784 \u2013 1859): Fantaisie op. 35<\/span><\/span><\/p>\n<p><span style=\"color: #000000;\"><span style=\"font-family: Times New Roman, serif;\">Walter K\u00fcne Ekaterina (1870 \u2013 1930): Fantaisie sur un Th\u00e9me de l\u2019Opera \u201cEugene Onegin\u201d par Peter Tchaikovsky op. 81<\/span><\/span><\/p>\n<p><span style=\"color: #000000;\"><span style=\"font-family: Times New Roman, serif;\"><u><b>CATEGORY F<\/b><\/u><\/span><\/span><\/p>\n<p><span style=\"color: #000000;\"><span style=\"font-family: Times New Roman, serif;\">Bach Carl Philipp Emanuel (1714 \u2013 1788): Sonate (Solo) f\u00fcr harfe Wotq. 139<\/span><\/span><\/p>\n<p><span style=\"color: #000000;\"><span style=\"font-family: Times New Roman, serif;\">Britten Benjamin (1913 \u2013 1976): Suite for harp op. 83<\/span><\/span><\/p>\n<p><span style=\"color: #000000;\"><span style=\"font-family: Times New Roman, serif;\">Debussy Claude (1862 \u2013 1918): Danses (any dance)<\/span><\/span><\/p>\n<p><span style=\"color: #000000;\"><span style=\"font-family: Times New Roman, serif;\">Glinka Mikhail (1804 \u2013 1857) &amp; Balakirev Mily (1837 \u2013 1910): The Lark<\/span><\/span><\/p>\n<p><span style=\"color: #000000;\"><span style=\"font-family: Times New Roman, serif;\">Hindemith Paul (1895 \u2013 1963): Sonate f\u00fcr Harfe<\/span><\/span><\/p>\n<p><span style=\"color: #000000;\"><span style=\"font-family: Times New Roman, serif;\">Liszt Franz (1811 \u2013 1886) \/ Reni\u00e9 Henriette (1875 \u2013 1956): Le Rossignol <\/span><\/span><span style=\"color: #000000;\"><span style=\"font-family: Times New Roman, serif;\">S.250\/1<\/span><\/span><\/p>\n<p><span style=\"color: #000000;\"><span style=\"font-family: Times New Roman, serif;\">Ravel Maurice (1875 \u2013 1937): Introduction et Allegro <\/span><\/span><\/p>\n<p><span style=\"color: #000000;\"><span style=\"font-family: Times New Roman, serif;\">Rossini Gioacchino (1792 \u2013 1868) \/ Bochsa Robert Nicholas Charles (1789 \u2013 1856): Rondeau sur le trio Zitti Zitti du \u201cBarbier de Seville&#8221;<\/span><\/span><\/p>\n<p><span style=\"color: #000000;\"><span style=\"font-family: Times New Roman, serif;\">Salzedo Carlos (1885 \u2013 1961): Variations sur un th\u00e8me dans le style ancien op. 30<\/span><\/span><\/p>\n<p><span style=\"color: #000000;\"><span style=\"font-family: Times New Roman, serif;\">Smetan Bed\u0159ich (1824 \u2013 1884) \/ Trne\u010dek Hans (1858 \u2013 1914): Moldau op. 43<\/span><\/span><\/p>\t\t\t\t\t\t<\/div>\n\t\t\t\t<\/div>\n\t\t\t\t\t<\/div>\n\t\t<\/div>\n\t\t\t\t\t\t\t<\/div>\n\t\t<\/section>\n\t\t\t\t\t\t\t<\/div>","protected":false},"excerpt":{"rendered":"<p>Izbor obveznih skladb KATEGORIJA A Bernatovi\u0107 Dalibor (1963): Uspavanka za Lano Grandjany Marcel (1891 \u2013 1975): Bonjour, Monsieur Rameau Grandjany Marcel (1891 \u2013 1975): Melissa Grandjany Marcel (1891 \u2013 1975): R\u00eaverie Gurlitt Cornelius (1820 \u2013 1901): Andante Hasselmans Alphonse (1845 \u2013 1912): Rouet Hasselmans Alphonse (1845 \u2013 1912): Petite Berceuse&hellip;<\/p>\n<p> <a class=\"more-link\" href=\"https:\/\/drustvoharfistovslovenije.si\/en\/izbor-obveznih-skladb\/\">Preberi ve\u010d<\/a><\/p>","protected":false},"author":1,"featured_media":0,"parent":0,"menu_order":0,"comment_status":"closed","ping_status":"closed","template":"","meta":{"footnotes":""},"class_list":["post-10721","page","type-page","status-publish"],"yoast_head":"<!-- This site is optimized with the Yoast SEO plugin v19.0 - https:\/\/yoast.com\/wordpress\/plugins\/seo\/ -->\n<title>Izbor obveznih skladb - Dru\u0161tvo harfistov Slovenije<\/title>\n<meta name=\"robots\" content=\"index, follow, max-snippet:-1, max-image-preview:large, max-video-preview:-1\" \/>\n<link rel=\"canonical\" href=\"https:\/\/drustvoharfistovslovenije.si\/en\/izbor-obveznih-skladb\/\" \/>\n<meta property=\"og:locale\" content=\"en_GB\" \/>\n<meta property=\"og:type\" content=\"article\" \/>\n<meta property=\"og:title\" content=\"Izbor obveznih skladb - Dru\u0161tvo harfistov Slovenije\" \/>\n<meta property=\"og:description\" content=\"Izbor obveznih skladb KATEGORIJA A Bernatovi\u0107 Dalibor (1963): Uspavanka za Lano Grandjany Marcel (1891 \u2013 1975): Bonjour, Monsieur Rameau Grandjany Marcel (1891 \u2013 1975): Melissa Grandjany Marcel (1891 \u2013 1975): R\u00eaverie Gurlitt Cornelius (1820 \u2013 1901): Andante Hasselmans Alphonse (1845 \u2013 1912): Rouet Hasselmans Alphonse (1845 \u2013 1912): Petite Berceuse&hellip;  Preberi ve\u010d\" \/>\n<meta property=\"og:url\" content=\"https:\/\/drustvoharfistovslovenije.si\/en\/izbor-obveznih-skladb\/\" \/>\n<meta property=\"og:site_name\" content=\"Dru\u0161tvo harfistov Slovenije\" \/>\n<meta property=\"article:publisher\" content=\"https:\/\/www.facebook.com\/Drutvo-harfistov-Slovenije-102541785381011\" \/>\n<meta property=\"article:modified_time\" content=\"2022-06-07T21:47:45+00:00\" \/>\n<meta name=\"twitter:card\" content=\"summary_large_image\" \/>\n<meta name=\"twitter:label1\" content=\"Estimated reading time\" \/>\n\t<meta name=\"twitter:data1\" content=\"2 minutes\" \/>\n<script type=\"application\/ld+json\" class=\"yoast-schema-graph\">{\"@context\":\"https:\/\/schema.org\",\"@graph\":[{\"@type\":\"Organization\",\"@id\":\"https:\/\/drustvoharfistovslovenije.si\/#organization\",\"name\":\"Dru\u0161tvo harfistov Slovenije\",\"url\":\"https:\/\/drustvoharfistovslovenije.si\/\",\"sameAs\":[\"https:\/\/www.instagram.com\/drustvoharfistovslovenije\/\",\"https:\/\/www.facebook.com\/Drutvo-harfistov-Slovenije-102541785381011\"],\"logo\":{\"@type\":\"ImageObject\",\"inLanguage\":\"en-GB\",\"@id\":\"https:\/\/drustvoharfistovslovenije.si\/#\/schema\/logo\/image\/\",\"url\":\"https:\/\/drustvoharfistovslovenije.si\/wp-content\/uploads\/2022\/06\/DHS-fb-1200x1200px2.jpg\",\"contentUrl\":\"https:\/\/drustvoharfistovslovenije.si\/wp-content\/uploads\/2022\/06\/DHS-fb-1200x1200px2.jpg\",\"width\":1200,\"height\":1200,\"caption\":\"Dru\u0161tvo harfistov Slovenije\"},\"image\":{\"@id\":\"https:\/\/drustvoharfistovslovenije.si\/#\/schema\/logo\/image\/\"}},{\"@type\":\"WebSite\",\"@id\":\"https:\/\/drustvoharfistovslovenije.si\/#website\",\"url\":\"https:\/\/drustvoharfistovslovenije.si\/\",\"name\":\"Dru\u0161tvo harfistov Slovenije\",\"description\":\"Dru\u0161tvo harfistov Slovenije\",\"publisher\":{\"@id\":\"https:\/\/drustvoharfistovslovenije.si\/#organization\"},\"potentialAction\":[{\"@type\":\"SearchAction\",\"target\":{\"@type\":\"EntryPoint\",\"urlTemplate\":\"https:\/\/drustvoharfistovslovenije.si\/?s={search_term_string}\"},\"query-input\":\"required name=search_term_string\"}],\"inLanguage\":\"en-GB\"},{\"@type\":\"WebPage\",\"@id\":\"https:\/\/drustvoharfistovslovenije.si\/izbor-obveznih-skladb\/#webpage\",\"url\":\"https:\/\/drustvoharfistovslovenije.si\/izbor-obveznih-skladb\/\",\"name\":\"Izbor obveznih skladb - Dru\u0161tvo harfistov Slovenije\",\"isPartOf\":{\"@id\":\"https:\/\/drustvoharfistovslovenije.si\/#website\"},\"datePublished\":\"2022-06-01T00:34:21+00:00\",\"dateModified\":\"2022-06-07T21:47:45+00:00\",\"breadcrumb\":{\"@id\":\"https:\/\/drustvoharfistovslovenije.si\/izbor-obveznih-skladb\/#breadcrumb\"},\"inLanguage\":\"en-GB\",\"potentialAction\":[{\"@type\":\"ReadAction\",\"target\":[\"https:\/\/drustvoharfistovslovenije.si\/izbor-obveznih-skladb\/\"]}]},{\"@type\":\"BreadcrumbList\",\"@id\":\"https:\/\/drustvoharfistovslovenije.si\/izbor-obveznih-skladb\/#breadcrumb\",\"itemListElement\":[{\"@type\":\"ListItem\",\"position\":1,\"name\":\"Home\",\"item\":\"https:\/\/drustvoharfistovslovenije.si\/\"},{\"@type\":\"ListItem\",\"position\":2,\"name\":\"Izbor obveznih skladb\"}]}]}<\/script>\n<!-- \/ Yoast SEO plugin. -->","yoast_head_json":{"title":"Izbor obveznih skladb - Dru\u0161tvo harfistov Slovenije","robots":{"index":"index","follow":"follow","max-snippet":"max-snippet:-1","max-image-preview":"max-image-preview:large","max-video-preview":"max-video-preview:-1"},"canonical":"https:\/\/drustvoharfistovslovenije.si\/en\/izbor-obveznih-skladb\/","og_locale":"en_GB","og_type":"article","og_title":"Izbor obveznih skladb - Dru\u0161tvo harfistov Slovenije","og_description":"Izbor obveznih skladb KATEGORIJA A Bernatovi\u0107 Dalibor (1963): Uspavanka za Lano Grandjany Marcel (1891 \u2013 1975): Bonjour, Monsieur Rameau Grandjany Marcel (1891 \u2013 1975): Melissa Grandjany Marcel (1891 \u2013 1975): R\u00eaverie Gurlitt Cornelius (1820 \u2013 1901): Andante Hasselmans Alphonse (1845 \u2013 1912): Rouet Hasselmans Alphonse (1845 \u2013 1912): Petite Berceuse&hellip;  Preberi ve\u010d","og_url":"https:\/\/drustvoharfistovslovenije.si\/en\/izbor-obveznih-skladb\/","og_site_name":"Dru\u0161tvo harfistov Slovenije","article_publisher":"https:\/\/www.facebook.com\/Drutvo-harfistov-Slovenije-102541785381011","article_modified_time":"2022-06-07T21:47:45+00:00","twitter_card":"summary_large_image","twitter_misc":{"Estimated reading time":"2 minutes"},"schema":{"@context":"https:\/\/schema.org","@graph":[{"@type":"Organization","@id":"https:\/\/drustvoharfistovslovenije.si\/#organization","name":"Dru\u0161tvo harfistov Slovenije","url":"https:\/\/drustvoharfistovslovenije.si\/","sameAs":["https:\/\/www.instagram.com\/drustvoharfistovslovenije\/","https:\/\/www.facebook.com\/Drutvo-harfistov-Slovenije-102541785381011"],"logo":{"@type":"ImageObject","inLanguage":"en-GB","@id":"https:\/\/drustvoharfistovslovenije.si\/#\/schema\/logo\/image\/","url":"https:\/\/drustvoharfistovslovenije.si\/wp-content\/uploads\/2022\/06\/DHS-fb-1200x1200px2.jpg","contentUrl":"https:\/\/drustvoharfistovslovenije.si\/wp-content\/uploads\/2022\/06\/DHS-fb-1200x1200px2.jpg","width":1200,"height":1200,"caption":"Dru\u0161tvo harfistov Slovenije"},"image":{"@id":"https:\/\/drustvoharfistovslovenije.si\/#\/schema\/logo\/image\/"}},{"@type":"WebSite","@id":"https:\/\/drustvoharfistovslovenije.si\/#website","url":"https:\/\/drustvoharfistovslovenije.si\/","name":"Dru\u0161tvo harfistov Slovenije","description":"Dru\u0161tvo harfistov Slovenije","publisher":{"@id":"https:\/\/drustvoharfistovslovenije.si\/#organization"},"potentialAction":[{"@type":"SearchAction","target":{"@type":"EntryPoint","urlTemplate":"https:\/\/drustvoharfistovslovenije.si\/?s={search_term_string}"},"query-input":"required name=search_term_string"}],"inLanguage":"en-GB"},{"@type":"WebPage","@id":"https:\/\/drustvoharfistovslovenije.si\/izbor-obveznih-skladb\/#webpage","url":"https:\/\/drustvoharfistovslovenije.si\/izbor-obveznih-skladb\/","name":"Izbor obveznih skladb - Dru\u0161tvo harfistov Slovenije","isPartOf":{"@id":"https:\/\/drustvoharfistovslovenije.si\/#website"},"datePublished":"2022-06-01T00:34:21+00:00","dateModified":"2022-06-07T21:47:45+00:00","breadcrumb":{"@id":"https:\/\/drustvoharfistovslovenije.si\/izbor-obveznih-skladb\/#breadcrumb"},"inLanguage":"en-GB","potentialAction":[{"@type":"ReadAction","target":["https:\/\/drustvoharfistovslovenije.si\/izbor-obveznih-skladb\/"]}]},{"@type":"BreadcrumbList","@id":"https:\/\/drustvoharfistovslovenije.si\/izbor-obveznih-skladb\/#breadcrumb","itemListElement":[{"@type":"ListItem","position":1,"name":"Home","item":"https:\/\/drustvoharfistovslovenije.si\/"},{"@type":"ListItem","position":2,"name":"Izbor obveznih skladb"}]}]}},"_links":{"self":[{"href":"https:\/\/drustvoharfistovslovenije.si\/en\/wp-json\/wp\/v2\/pages\/10721","targetHints":{"allow":["GET"]}}],"collection":[{"href":"https:\/\/drustvoharfistovslovenije.si\/en\/wp-json\/wp\/v2\/pages"}],"about":[{"href":"https:\/\/drustvoharfistovslovenije.si\/en\/wp-json\/wp\/v2\/types\/page"}],"author":[{"embeddable":true,"href":"https:\/\/drustvoharfistovslovenije.si\/en\/wp-json\/wp\/v2\/users\/1"}],"replies":[{"embeddable":true,"href":"https:\/\/drustvoharfistovslovenije.si\/en\/wp-json\/wp\/v2\/comments?post=10721"}],"version-history":[{"count":13,"href":"https:\/\/drustvoharfistovslovenije.si\/en\/wp-json\/wp\/v2\/pages\/10721\/revisions"}],"predecessor-version":[{"id":11427,"href":"https:\/\/drustvoharfistovslovenije.si\/en\/wp-json\/wp\/v2\/pages\/10721\/revisions\/11427"}],"wp:attachment":[{"href":"https:\/\/drustvoharfistovslovenije.si\/en\/wp-json\/wp\/v2\/media?parent=10721"}],"curies":[{"name":"wp","href":"https:\/\/api.w.org\/{rel}","templated":true}]}}