{"id":11192,"date":"2022-06-03T09:59:10","date_gmt":"2022-06-03T09:59:10","guid":{"rendered":"https:\/\/zveza-harfistov-slovenije.lndo.site\/?page_id=11192"},"modified":"2022-06-15T18:25:22","modified_gmt":"2022-06-15T16:25:22","slug":"pogoji-uporabe","status":"publish","type":"page","link":"https:\/\/drustvoharfistovslovenije.si\/en\/pogoji-uporabe\/","title":{"rendered":"Terms of Use"},"content":{"rendered":"<div data-elementor-type=\"wp-page\" data-elementor-id=\"11192\" class=\"elementor elementor-11192\">\n\t\t\t\t\t\t\t\t\t<section class=\"elementor-section elementor-top-section elementor-element elementor-element-abcd913 elementor-section-boxed elementor-section-height-default elementor-section-height-default\" data-id=\"abcd913\" data-element_type=\"section\">\n\t\t\t\t\t\t<div class=\"elementor-container elementor-column-gap-default\">\n\t\t\t\t\t<div class=\"elementor-column elementor-col-100 elementor-top-column elementor-element elementor-element-bceb1f6\" data-id=\"bceb1f6\" data-element_type=\"column\">\n\t\t\t<div class=\"elementor-widget-wrap elementor-element-populated\">\n\t\t\t\t\t\t\t\t<section class=\"elementor-section elementor-inner-section elementor-element elementor-element-e0bff5e elementor-section-boxed elementor-section-height-default elementor-section-height-default\" data-id=\"e0bff5e\" data-element_type=\"section\">\n\t\t\t\t\t\t<div class=\"elementor-container elementor-column-gap-default\">\n\t\t\t\t\t<div class=\"elementor-column elementor-col-100 elementor-inner-column elementor-element elementor-element-bb3953c\" data-id=\"bb3953c\" data-element_type=\"column\">\n\t\t\t<div class=\"elementor-widget-wrap elementor-element-populated\">\n\t\t\t\t\t\t\t\t<div class=\"elementor-element elementor-element-f5e5627 elementor-widget elementor-widget-heading\" data-id=\"f5e5627\" data-element_type=\"widget\" data-widget_type=\"heading.default\">\n\t\t\t\t<div class=\"elementor-widget-container\">\n\t\t\t<style>\/*! elementor - v3.6.5 - 27-04-2022 *\/\n.elementor-heading-title{padding:0;margin:0;line-height:1}.elementor-widget-heading .elementor-heading-title[class*=elementor-size-]>a{color:inherit;font-size:inherit;line-height:inherit}.elementor-widget-heading .elementor-heading-title.elementor-size-small{font-size:15px}.elementor-widget-heading .elementor-heading-title.elementor-size-medium{font-size:19px}.elementor-widget-heading .elementor-heading-title.elementor-size-large{font-size:29px}.elementor-widget-heading .elementor-heading-title.elementor-size-xl{font-size:39px}.elementor-widget-heading .elementor-heading-title.elementor-size-xxl{font-size:59px}<\/style><h2 class=\"elementor-heading-title elementor-size-default\">SOGLASJE ZA OBDELAVO OSEBNIH PODATKOV<\/h2>\t\t<\/div>\n\t\t\t\t<\/div>\n\t\t\t\t\t<\/div>\n\t\t<\/div>\n\t\t\t\t\t\t\t<\/div>\n\t\t<\/section>\n\t\t\t\t<div class=\"elementor-element elementor-element-bcfcc45 elementor-widget elementor-widget-text-editor\" data-id=\"bcfcc45\" data-element_type=\"widget\" data-widget_type=\"text-editor.default\">\n\t\t\t\t<div class=\"elementor-widget-container\">\n\t\t\t<style>\/*! elementor - v3.6.5 - 27-04-2022 *\/\n.elementor-widget-text-editor.elementor-drop-cap-view-stacked .elementor-drop-cap{background-color:#818a91;color:#fff}.elementor-widget-text-editor.elementor-drop-cap-view-framed .elementor-drop-cap{color:#818a91;border:3px solid;background-color:transparent}.elementor-widget-text-editor:not(.elementor-drop-cap-view-default) .elementor-drop-cap{margin-top:8px}.elementor-widget-text-editor:not(.elementor-drop-cap-view-default) .elementor-drop-cap-letter{width:1em;height:1em}.elementor-widget-text-editor .elementor-drop-cap{float:left;text-align:center;line-height:1;font-size:50px}.elementor-widget-text-editor .elementor-drop-cap-letter{display:inline-block}<\/style>\t\t\t\t<p>Dru\u0161tvo harfistov Slovenije se zavezuje, da bo podatke uporabljalo v skladu z Zakonom o varstvu osebnih podatkov (ZVOP-1-UPB1, Uradni list RS \u0161t. 94\/2007 z dne 16. 10. 2007, stran 12707) izklju\u010dno za lastne potrebe, zlasti pa za obve\u0161\u010danje o aktualnih dogodkih po navadni oziroma elektronski po\u0161ti.<\/p><p>\u00a0<\/p>\t\t\t\t\t\t<\/div>\n\t\t\t\t<\/div>\n\t\t\t\t\t<\/div>\n\t\t<\/div>\n\t\t\t\t\t\t\t<\/div>\n\t\t<\/section>\n\t\t\t\t\t\t\t<\/div>","protected":false},"excerpt":{"rendered":"<p>SOGLASJE ZA OBDELAVO OSEBNIH PODATKOV Dru\u0161tvo harfistov Slovenije se zavezuje, da bo podatke uporabljalo v skladu z Zakonom o varstvu osebnih podatkov (ZVOP-1-UPB1, Uradni list RS \u0161t. 94\/2007 z dne 16. 10. 2007, stran 12707) izklju\u010dno za lastne potrebe, zlasti pa za obve\u0161\u010danje o aktualnih dogodkih po navadni oziroma elektronski&hellip;<\/p>\n<p> <a class=\"more-link\" href=\"https:\/\/drustvoharfistovslovenije.si\/en\/pogoji-uporabe\/\">Preberi ve\u010d<\/a><\/p>","protected":false},"author":1,"featured_media":0,"parent":0,"menu_order":0,"comment_status":"closed","ping_status":"closed","template":"","meta":{"footnotes":""},"class_list":["post-11192","page","type-page","status-publish"],"yoast_head":"<!-- This site is optimized with the Yoast SEO plugin v19.0 - https:\/\/yoast.com\/wordpress\/plugins\/seo\/ -->\n<title>Pogoji uporabe - Dru\u0161tvo harfistov Slovenije<\/title>\n<meta name=\"robots\" content=\"index, follow, max-snippet:-1, max-image-preview:large, max-video-preview:-1\" \/>\n<link rel=\"canonical\" href=\"https:\/\/drustvoharfistovslovenije.si\/en\/pogoji-uporabe\/\" \/>\n<meta property=\"og:locale\" content=\"en_GB\" \/>\n<meta property=\"og:type\" content=\"article\" \/>\n<meta property=\"og:title\" content=\"Pogoji uporabe - Dru\u0161tvo harfistov Slovenije\" \/>\n<meta property=\"og:description\" content=\"SOGLASJE ZA OBDELAVO OSEBNIH PODATKOV Dru\u0161tvo harfistov Slovenije se zavezuje, da bo podatke uporabljalo v skladu z Zakonom o varstvu osebnih podatkov (ZVOP-1-UPB1, Uradni list RS \u0161t. 94\/2007 z dne 16. 10. 2007, stran 12707) izklju\u010dno za lastne potrebe, zlasti pa za obve\u0161\u010danje o aktualnih dogodkih po navadni oziroma elektronski&hellip;  Preberi ve\u010d\" \/>\n<meta property=\"og:url\" content=\"https:\/\/drustvoharfistovslovenije.si\/en\/pogoji-uporabe\/\" \/>\n<meta property=\"og:site_name\" content=\"Dru\u0161tvo harfistov Slovenije\" \/>\n<meta property=\"article:publisher\" content=\"https:\/\/www.facebook.com\/Drutvo-harfistov-Slovenije-102541785381011\" \/>\n<meta property=\"article:modified_time\" content=\"2022-06-15T16:25:22+00:00\" \/>\n<meta name=\"twitter:card\" content=\"summary_large_image\" \/>\n<script type=\"application\/ld+json\" class=\"yoast-schema-graph\">{\"@context\":\"https:\/\/schema.org\",\"@graph\":[{\"@type\":\"Organization\",\"@id\":\"https:\/\/drustvoharfistovslovenije.si\/#organization\",\"name\":\"Dru\u0161tvo harfistov Slovenije\",\"url\":\"https:\/\/drustvoharfistovslovenije.si\/\",\"sameAs\":[\"https:\/\/www.instagram.com\/drustvoharfistovslovenije\/\",\"https:\/\/www.facebook.com\/Drutvo-harfistov-Slovenije-102541785381011\"],\"logo\":{\"@type\":\"ImageObject\",\"inLanguage\":\"en-GB\",\"@id\":\"https:\/\/drustvoharfistovslovenije.si\/#\/schema\/logo\/image\/\",\"url\":\"https:\/\/drustvoharfistovslovenije.si\/wp-content\/uploads\/2022\/06\/DHS-fb-1200x1200px2.jpg\",\"contentUrl\":\"https:\/\/drustvoharfistovslovenije.si\/wp-content\/uploads\/2022\/06\/DHS-fb-1200x1200px2.jpg\",\"width\":1200,\"height\":1200,\"caption\":\"Dru\u0161tvo harfistov Slovenije\"},\"image\":{\"@id\":\"https:\/\/drustvoharfistovslovenije.si\/#\/schema\/logo\/image\/\"}},{\"@type\":\"WebSite\",\"@id\":\"https:\/\/drustvoharfistovslovenije.si\/#website\",\"url\":\"https:\/\/drustvoharfistovslovenije.si\/\",\"name\":\"Dru\u0161tvo harfistov Slovenije\",\"description\":\"Dru\u0161tvo harfistov Slovenije\",\"publisher\":{\"@id\":\"https:\/\/drustvoharfistovslovenije.si\/#organization\"},\"potentialAction\":[{\"@type\":\"SearchAction\",\"target\":{\"@type\":\"EntryPoint\",\"urlTemplate\":\"https:\/\/drustvoharfistovslovenije.si\/?s={search_term_string}\"},\"query-input\":\"required name=search_term_string\"}],\"inLanguage\":\"en-GB\"},{\"@type\":\"WebPage\",\"@id\":\"https:\/\/drustvoharfistovslovenije.si\/pogoji-uporabe\/#webpage\",\"url\":\"https:\/\/drustvoharfistovslovenije.si\/pogoji-uporabe\/\",\"name\":\"Pogoji uporabe - Dru\u0161tvo harfistov Slovenije\",\"isPartOf\":{\"@id\":\"https:\/\/drustvoharfistovslovenije.si\/#website\"},\"datePublished\":\"2022-06-03T09:59:10+00:00\",\"dateModified\":\"2022-06-15T16:25:22+00:00\",\"breadcrumb\":{\"@id\":\"https:\/\/drustvoharfistovslovenije.si\/pogoji-uporabe\/#breadcrumb\"},\"inLanguage\":\"en-GB\",\"potentialAction\":[{\"@type\":\"ReadAction\",\"target\":[\"https:\/\/drustvoharfistovslovenije.si\/pogoji-uporabe\/\"]}]},{\"@type\":\"BreadcrumbList\",\"@id\":\"https:\/\/drustvoharfistovslovenije.si\/pogoji-uporabe\/#breadcrumb\",\"itemListElement\":[{\"@type\":\"ListItem\",\"position\":1,\"name\":\"Home\",\"item\":\"https:\/\/drustvoharfistovslovenije.si\/\"},{\"@type\":\"ListItem\",\"position\":2,\"name\":\"Pogoji uporabe\"}]}]}<\/script>\n<!-- \/ Yoast SEO plugin. -->","yoast_head_json":{"title":"Pogoji uporabe - Dru\u0161tvo harfistov Slovenije","robots":{"index":"index","follow":"follow","max-snippet":"max-snippet:-1","max-image-preview":"max-image-preview:large","max-video-preview":"max-video-preview:-1"},"canonical":"https:\/\/drustvoharfistovslovenije.si\/en\/pogoji-uporabe\/","og_locale":"en_GB","og_type":"article","og_title":"Pogoji uporabe - Dru\u0161tvo harfistov Slovenije","og_description":"SOGLASJE ZA OBDELAVO OSEBNIH PODATKOV Dru\u0161tvo harfistov Slovenije se zavezuje, da bo podatke uporabljalo v skladu z Zakonom o varstvu osebnih podatkov (ZVOP-1-UPB1, Uradni list RS \u0161t. 94\/2007 z dne 16. 10. 2007, stran 12707) izklju\u010dno za lastne potrebe, zlasti pa za obve\u0161\u010danje o aktualnih dogodkih po navadni oziroma elektronski&hellip;  Preberi ve\u010d","og_url":"https:\/\/drustvoharfistovslovenije.si\/en\/pogoji-uporabe\/","og_site_name":"Dru\u0161tvo harfistov Slovenije","article_publisher":"https:\/\/www.facebook.com\/Drutvo-harfistov-Slovenije-102541785381011","article_modified_time":"2022-06-15T16:25:22+00:00","twitter_card":"summary_large_image","schema":{"@context":"https:\/\/schema.org","@graph":[{"@type":"Organization","@id":"https:\/\/drustvoharfistovslovenije.si\/#organization","name":"Dru\u0161tvo harfistov Slovenije","url":"https:\/\/drustvoharfistovslovenije.si\/","sameAs":["https:\/\/www.instagram.com\/drustvoharfistovslovenije\/","https:\/\/www.facebook.com\/Drutvo-harfistov-Slovenije-102541785381011"],"logo":{"@type":"ImageObject","inLanguage":"en-GB","@id":"https:\/\/drustvoharfistovslovenije.si\/#\/schema\/logo\/image\/","url":"https:\/\/drustvoharfistovslovenije.si\/wp-content\/uploads\/2022\/06\/DHS-fb-1200x1200px2.jpg","contentUrl":"https:\/\/drustvoharfistovslovenije.si\/wp-content\/uploads\/2022\/06\/DHS-fb-1200x1200px2.jpg","width":1200,"height":1200,"caption":"Dru\u0161tvo harfistov Slovenije"},"image":{"@id":"https:\/\/drustvoharfistovslovenije.si\/#\/schema\/logo\/image\/"}},{"@type":"WebSite","@id":"https:\/\/drustvoharfistovslovenije.si\/#website","url":"https:\/\/drustvoharfistovslovenije.si\/","name":"Dru\u0161tvo harfistov Slovenije","description":"Dru\u0161tvo harfistov Slovenije","publisher":{"@id":"https:\/\/drustvoharfistovslovenije.si\/#organization"},"potentialAction":[{"@type":"SearchAction","target":{"@type":"EntryPoint","urlTemplate":"https:\/\/drustvoharfistovslovenije.si\/?s={search_term_string}"},"query-input":"required name=search_term_string"}],"inLanguage":"en-GB"},{"@type":"WebPage","@id":"https:\/\/drustvoharfistovslovenije.si\/pogoji-uporabe\/#webpage","url":"https:\/\/drustvoharfistovslovenije.si\/pogoji-uporabe\/","name":"Pogoji uporabe - Dru\u0161tvo harfistov Slovenije","isPartOf":{"@id":"https:\/\/drustvoharfistovslovenije.si\/#website"},"datePublished":"2022-06-03T09:59:10+00:00","dateModified":"2022-06-15T16:25:22+00:00","breadcrumb":{"@id":"https:\/\/drustvoharfistovslovenije.si\/pogoji-uporabe\/#breadcrumb"},"inLanguage":"en-GB","potentialAction":[{"@type":"ReadAction","target":["https:\/\/drustvoharfistovslovenije.si\/pogoji-uporabe\/"]}]},{"@type":"BreadcrumbList","@id":"https:\/\/drustvoharfistovslovenije.si\/pogoji-uporabe\/#breadcrumb","itemListElement":[{"@type":"ListItem","position":1,"name":"Home","item":"https:\/\/drustvoharfistovslovenije.si\/"},{"@type":"ListItem","position":2,"name":"Pogoji uporabe"}]}]}},"_links":{"self":[{"href":"https:\/\/drustvoharfistovslovenije.si\/en\/wp-json\/wp\/v2\/pages\/11192","targetHints":{"allow":["GET"]}}],"collection":[{"href":"https:\/\/drustvoharfistovslovenije.si\/en\/wp-json\/wp\/v2\/pages"}],"about":[{"href":"https:\/\/drustvoharfistovslovenije.si\/en\/wp-json\/wp\/v2\/types\/page"}],"author":[{"embeddable":true,"href":"https:\/\/drustvoharfistovslovenije.si\/en\/wp-json\/wp\/v2\/users\/1"}],"replies":[{"embeddable":true,"href":"https:\/\/drustvoharfistovslovenije.si\/en\/wp-json\/wp\/v2\/comments?post=11192"}],"version-history":[{"count":13,"href":"https:\/\/drustvoharfistovslovenije.si\/en\/wp-json\/wp\/v2\/pages\/11192\/revisions"}],"predecessor-version":[{"id":11548,"href":"https:\/\/drustvoharfistovslovenije.si\/en\/wp-json\/wp\/v2\/pages\/11192\/revisions\/11548"}],"wp:attachment":[{"href":"https:\/\/drustvoharfistovslovenije.si\/en\/wp-json\/wp\/v2\/media?parent=11192"}],"curies":[{"name":"wp","href":"https:\/\/api.w.org\/{rel}","templated":true}]}}