{"id":11835,"date":"2026-01-07T12:23:01","date_gmt":"2026-01-07T11:23:01","guid":{"rendered":"https:\/\/drustvoharfistovslovenije.si\/?page_id=11835"},"modified":"2026-01-07T12:23:04","modified_gmt":"2026-01-07T11:23:04","slug":"1-natecaj","status":"publish","type":"page","link":"https:\/\/drustvoharfistovslovenije.si\/en\/1-natecaj\/","title":{"rendered":"Composition Competition"},"content":{"rendered":"<p>The competition has been successfully concluded.<br><br>The awarded compositions are:<br>&#8211; Bojan Glavina: Spomin v modrem,<br>&#8211; Bojan Glavina: Preludij,<br>&#8211; Ga\u0161per Mu\u017eeni\u010d: Alkimistove sanje.<\/p>\n\n\n\n<p>To purchase sheet music, please contact drustvoharfistovslovenije@gmail.com. <\/p>\n\n\n\n<p><\/p>","protected":false},"excerpt":{"rendered":"<p>Nate\u010daj je uspe\u0161no zaklju\u010den. Nagrajene skladbe so:&#8211; Bojan Glavina: Spomin v modrem,&#8211; Bojan Glavina: Preludij,&#8211; Ga\u0161per Mu\u017eeni\u010d: Alkimistove sanje. Za nakup notne literature pi\u0161ite na drustvoharfistovslovenije@gmail.com.<\/p>","protected":false},"author":3,"featured_media":0,"parent":0,"menu_order":0,"comment_status":"closed","ping_status":"closed","template":"","meta":{"footnotes":""},"class_list":["post-11835","page","type-page","status-publish"],"yoast_head":"<!-- This site is optimized with the Yoast SEO plugin v19.0 - https:\/\/yoast.com\/wordpress\/plugins\/seo\/ -->\n<title>1. nate\u010daj - Dru\u0161tvo harfistov Slovenije<\/title>\n<meta name=\"robots\" content=\"index, follow, max-snippet:-1, max-image-preview:large, max-video-preview:-1\" \/>\n<link rel=\"canonical\" href=\"https:\/\/drustvoharfistovslovenije.si\/en\/1-natecaj\/\" \/>\n<meta property=\"og:locale\" content=\"en_GB\" \/>\n<meta property=\"og:type\" content=\"article\" \/>\n<meta property=\"og:title\" content=\"1. nate\u010daj - Dru\u0161tvo harfistov Slovenije\" \/>\n<meta property=\"og:description\" content=\"Nate\u010daj je uspe\u0161no zaklju\u010den. Nagrajene skladbe so:&#8211; Bojan Glavina: Spomin v modrem,&#8211; Bojan Glavina: Preludij,&#8211; Ga\u0161per Mu\u017eeni\u010d: Alkimistove sanje. Za nakup notne literature pi\u0161ite na drustvoharfistovslovenije@gmail.com.\" \/>\n<meta property=\"og:url\" content=\"https:\/\/drustvoharfistovslovenije.si\/en\/1-natecaj\/\" \/>\n<meta property=\"og:site_name\" content=\"Dru\u0161tvo harfistov Slovenije\" \/>\n<meta property=\"article:publisher\" content=\"https:\/\/www.facebook.com\/Drutvo-harfistov-Slovenije-102541785381011\" \/>\n<meta property=\"article:modified_time\" content=\"2026-01-07T11:23:04+00:00\" \/>\n<meta name=\"twitter:card\" content=\"summary_large_image\" \/>\n<script type=\"application\/ld+json\" class=\"yoast-schema-graph\">{\"@context\":\"https:\/\/schema.org\",\"@graph\":[{\"@type\":\"Organization\",\"@id\":\"https:\/\/drustvoharfistovslovenije.si\/#organization\",\"name\":\"Dru\u0161tvo harfistov Slovenije\",\"url\":\"https:\/\/drustvoharfistovslovenije.si\/\",\"sameAs\":[\"https:\/\/www.instagram.com\/drustvoharfistovslovenije\/\",\"https:\/\/www.facebook.com\/Drutvo-harfistov-Slovenije-102541785381011\"],\"logo\":{\"@type\":\"ImageObject\",\"inLanguage\":\"en-GB\",\"@id\":\"https:\/\/drustvoharfistovslovenije.si\/#\/schema\/logo\/image\/\",\"url\":\"https:\/\/drustvoharfistovslovenije.si\/wp-content\/uploads\/2022\/06\/DHS-fb-1200x1200px2.jpg\",\"contentUrl\":\"https:\/\/drustvoharfistovslovenije.si\/wp-content\/uploads\/2022\/06\/DHS-fb-1200x1200px2.jpg\",\"width\":1200,\"height\":1200,\"caption\":\"Dru\u0161tvo harfistov Slovenije\"},\"image\":{\"@id\":\"https:\/\/drustvoharfistovslovenije.si\/#\/schema\/logo\/image\/\"}},{\"@type\":\"WebSite\",\"@id\":\"https:\/\/drustvoharfistovslovenije.si\/#website\",\"url\":\"https:\/\/drustvoharfistovslovenije.si\/\",\"name\":\"Dru\u0161tvo harfistov Slovenije\",\"description\":\"Dru\u0161tvo harfistov Slovenije\",\"publisher\":{\"@id\":\"https:\/\/drustvoharfistovslovenije.si\/#organization\"},\"potentialAction\":[{\"@type\":\"SearchAction\",\"target\":{\"@type\":\"EntryPoint\",\"urlTemplate\":\"https:\/\/drustvoharfistovslovenije.si\/?s={search_term_string}\"},\"query-input\":\"required name=search_term_string\"}],\"inLanguage\":\"en-GB\"},{\"@type\":\"WebPage\",\"@id\":\"https:\/\/drustvoharfistovslovenije.si\/1-natecaj\/#webpage\",\"url\":\"https:\/\/drustvoharfistovslovenije.si\/1-natecaj\/\",\"name\":\"1. nate\u010daj - Dru\u0161tvo harfistov Slovenije\",\"isPartOf\":{\"@id\":\"https:\/\/drustvoharfistovslovenije.si\/#website\"},\"datePublished\":\"2026-01-07T11:23:01+00:00\",\"dateModified\":\"2026-01-07T11:23:04+00:00\",\"breadcrumb\":{\"@id\":\"https:\/\/drustvoharfistovslovenije.si\/1-natecaj\/#breadcrumb\"},\"inLanguage\":\"en-GB\",\"potentialAction\":[{\"@type\":\"ReadAction\",\"target\":[\"https:\/\/drustvoharfistovslovenije.si\/1-natecaj\/\"]}]},{\"@type\":\"BreadcrumbList\",\"@id\":\"https:\/\/drustvoharfistovslovenije.si\/1-natecaj\/#breadcrumb\",\"itemListElement\":[{\"@type\":\"ListItem\",\"position\":1,\"name\":\"Home\",\"item\":\"https:\/\/drustvoharfistovslovenije.si\/\"},{\"@type\":\"ListItem\",\"position\":2,\"name\":\"1. nate\u010daj\"}]}]}<\/script>\n<!-- \/ Yoast SEO plugin. -->","yoast_head_json":{"title":"1. nate\u010daj - Dru\u0161tvo harfistov Slovenije","robots":{"index":"index","follow":"follow","max-snippet":"max-snippet:-1","max-image-preview":"max-image-preview:large","max-video-preview":"max-video-preview:-1"},"canonical":"https:\/\/drustvoharfistovslovenije.si\/en\/1-natecaj\/","og_locale":"en_GB","og_type":"article","og_title":"1. nate\u010daj - Dru\u0161tvo harfistov Slovenije","og_description":"Nate\u010daj je uspe\u0161no zaklju\u010den. Nagrajene skladbe so:&#8211; Bojan Glavina: Spomin v modrem,&#8211; Bojan Glavina: Preludij,&#8211; Ga\u0161per Mu\u017eeni\u010d: Alkimistove sanje. Za nakup notne literature pi\u0161ite na drustvoharfistovslovenije@gmail.com.","og_url":"https:\/\/drustvoharfistovslovenije.si\/en\/1-natecaj\/","og_site_name":"Dru\u0161tvo harfistov Slovenije","article_publisher":"https:\/\/www.facebook.com\/Drutvo-harfistov-Slovenije-102541785381011","article_modified_time":"2026-01-07T11:23:04+00:00","twitter_card":"summary_large_image","schema":{"@context":"https:\/\/schema.org","@graph":[{"@type":"Organization","@id":"https:\/\/drustvoharfistovslovenije.si\/#organization","name":"Dru\u0161tvo harfistov Slovenije","url":"https:\/\/drustvoharfistovslovenije.si\/","sameAs":["https:\/\/www.instagram.com\/drustvoharfistovslovenije\/","https:\/\/www.facebook.com\/Drutvo-harfistov-Slovenije-102541785381011"],"logo":{"@type":"ImageObject","inLanguage":"en-GB","@id":"https:\/\/drustvoharfistovslovenije.si\/#\/schema\/logo\/image\/","url":"https:\/\/drustvoharfistovslovenije.si\/wp-content\/uploads\/2022\/06\/DHS-fb-1200x1200px2.jpg","contentUrl":"https:\/\/drustvoharfistovslovenije.si\/wp-content\/uploads\/2022\/06\/DHS-fb-1200x1200px2.jpg","width":1200,"height":1200,"caption":"Dru\u0161tvo harfistov Slovenije"},"image":{"@id":"https:\/\/drustvoharfistovslovenije.si\/#\/schema\/logo\/image\/"}},{"@type":"WebSite","@id":"https:\/\/drustvoharfistovslovenije.si\/#website","url":"https:\/\/drustvoharfistovslovenije.si\/","name":"Dru\u0161tvo harfistov Slovenije","description":"Dru\u0161tvo harfistov Slovenije","publisher":{"@id":"https:\/\/drustvoharfistovslovenije.si\/#organization"},"potentialAction":[{"@type":"SearchAction","target":{"@type":"EntryPoint","urlTemplate":"https:\/\/drustvoharfistovslovenije.si\/?s={search_term_string}"},"query-input":"required name=search_term_string"}],"inLanguage":"en-GB"},{"@type":"WebPage","@id":"https:\/\/drustvoharfistovslovenije.si\/1-natecaj\/#webpage","url":"https:\/\/drustvoharfistovslovenije.si\/1-natecaj\/","name":"1. nate\u010daj - Dru\u0161tvo harfistov Slovenije","isPartOf":{"@id":"https:\/\/drustvoharfistovslovenije.si\/#website"},"datePublished":"2026-01-07T11:23:01+00:00","dateModified":"2026-01-07T11:23:04+00:00","breadcrumb":{"@id":"https:\/\/drustvoharfistovslovenije.si\/1-natecaj\/#breadcrumb"},"inLanguage":"en-GB","potentialAction":[{"@type":"ReadAction","target":["https:\/\/drustvoharfistovslovenije.si\/1-natecaj\/"]}]},{"@type":"BreadcrumbList","@id":"https:\/\/drustvoharfistovslovenije.si\/1-natecaj\/#breadcrumb","itemListElement":[{"@type":"ListItem","position":1,"name":"Home","item":"https:\/\/drustvoharfistovslovenije.si\/"},{"@type":"ListItem","position":2,"name":"1. nate\u010daj"}]}]}},"_links":{"self":[{"href":"https:\/\/drustvoharfistovslovenije.si\/en\/wp-json\/wp\/v2\/pages\/11835","targetHints":{"allow":["GET"]}}],"collection":[{"href":"https:\/\/drustvoharfistovslovenije.si\/en\/wp-json\/wp\/v2\/pages"}],"about":[{"href":"https:\/\/drustvoharfistovslovenije.si\/en\/wp-json\/wp\/v2\/types\/page"}],"author":[{"embeddable":true,"href":"https:\/\/drustvoharfistovslovenije.si\/en\/wp-json\/wp\/v2\/users\/3"}],"replies":[{"embeddable":true,"href":"https:\/\/drustvoharfistovslovenije.si\/en\/wp-json\/wp\/v2\/comments?post=11835"}],"version-history":[{"count":3,"href":"https:\/\/drustvoharfistovslovenije.si\/en\/wp-json\/wp\/v2\/pages\/11835\/revisions"}],"predecessor-version":[{"id":11840,"href":"https:\/\/drustvoharfistovslovenije.si\/en\/wp-json\/wp\/v2\/pages\/11835\/revisions\/11840"}],"wp:attachment":[{"href":"https:\/\/drustvoharfistovslovenije.si\/en\/wp-json\/wp\/v2\/media?parent=11835"}],"curies":[{"name":"wp","href":"https:\/\/api.w.org\/{rel}","templated":true}]}}