{"id":11867,"date":"2026-03-26T00:13:21","date_gmt":"2026-03-25T23:13:21","guid":{"rendered":"https:\/\/drustvoharfistovslovenije.si\/?page_id=11867"},"modified":"2026-03-26T00:13:24","modified_gmt":"2026-03-25T23:13:24","slug":"generalni-sponzor-tekmovanja","status":"publish","type":"page","link":"https:\/\/drustvoharfistovslovenije.si\/en\/generalni-sponzor-tekmovanja\/","title":{"rendered":"General sponsor of the competition"},"content":{"rendered":"<p>The general sponsor of the competition is <a href=\"https:\/\/www.camac-harps.com\/en\/\">Camac Harps<\/a>, which will provide instruments for all competition categories. Lever harps will be available for Category A-c, while concert grand harps will be provided for all other categories.<\/p>\n\n\n\n<p>The competition harp will remain on stage throughout each category. Sound checks and instrument trials will be possible before the start of the competition. A similar instrument will also be provided by the sponsor for warming up purposes.<\/p>\n\n\n\n<p>Participants are allowed to perform on their own (private) harps. The organizers can assist with transporting harps to the stage, classrooms, or other locations within the premises of the Fran Korun Ko\u017eeljski Music School Velenje. However, they do not assume responsibility for any damage to instruments or other personal belongings.<\/p>","protected":false},"excerpt":{"rendered":"<p>Generalni sponzor tekmovanja je podjetje Camac Harps, ki bo zagotovilo in\u0161trumente za vse tekmovalne kategorije. Za kategorijo A-k bodo na voljo keltske harfe, za vse ostale kategorije pa velike koncertne harfe. Tekmovalna harfa bo ves \u010das posamezne kategorije postavljena na odru. Tonska vaja in preizkus in\u0161trumenta bosta mo\u017ena pred za\u010detkom&hellip;<\/p>\n<p> <a class=\"more-link\" href=\"https:\/\/drustvoharfistovslovenije.si\/en\/generalni-sponzor-tekmovanja\/\">Preberi ve\u010d<\/a><\/p>","protected":false},"author":3,"featured_media":0,"parent":0,"menu_order":0,"comment_status":"closed","ping_status":"closed","template":"","meta":{"footnotes":""},"class_list":["post-11867","page","type-page","status-publish"],"yoast_head":"<!-- This site is optimized with the Yoast SEO plugin v19.0 - https:\/\/yoast.com\/wordpress\/plugins\/seo\/ -->\n<title>GENERALNI SPONZOR TEKMOVANJA - Dru\u0161tvo harfistov Slovenije<\/title>\n<meta name=\"robots\" content=\"index, follow, max-snippet:-1, max-image-preview:large, max-video-preview:-1\" \/>\n<link rel=\"canonical\" href=\"https:\/\/drustvoharfistovslovenije.si\/en\/generalni-sponzor-tekmovanja\/\" \/>\n<meta property=\"og:locale\" content=\"en_GB\" \/>\n<meta property=\"og:type\" content=\"article\" \/>\n<meta property=\"og:title\" content=\"GENERALNI SPONZOR TEKMOVANJA - Dru\u0161tvo harfistov Slovenije\" \/>\n<meta property=\"og:description\" content=\"Generalni sponzor tekmovanja je podjetje Camac Harps, ki bo zagotovilo in\u0161trumente za vse tekmovalne kategorije. Za kategorijo A-k bodo na voljo keltske harfe, za vse ostale kategorije pa velike koncertne harfe. Tekmovalna harfa bo ves \u010das posamezne kategorije postavljena na odru. Tonska vaja in preizkus in\u0161trumenta bosta mo\u017ena pred za\u010detkom&hellip;  Preberi ve\u010d\" \/>\n<meta property=\"og:url\" content=\"https:\/\/drustvoharfistovslovenije.si\/en\/generalni-sponzor-tekmovanja\/\" \/>\n<meta property=\"og:site_name\" content=\"Dru\u0161tvo harfistov Slovenije\" \/>\n<meta property=\"article:publisher\" content=\"https:\/\/www.facebook.com\/Drutvo-harfistov-Slovenije-102541785381011\" \/>\n<meta property=\"article:modified_time\" content=\"2026-03-25T23:13:24+00:00\" \/>\n<meta name=\"twitter:card\" content=\"summary_large_image\" \/>\n<meta name=\"twitter:label1\" content=\"Estimated reading time\" \/>\n\t<meta name=\"twitter:data1\" content=\"1 minute\" \/>\n<script type=\"application\/ld+json\" class=\"yoast-schema-graph\">{\"@context\":\"https:\/\/schema.org\",\"@graph\":[{\"@type\":\"Organization\",\"@id\":\"https:\/\/drustvoharfistovslovenije.si\/#organization\",\"name\":\"Dru\u0161tvo harfistov Slovenije\",\"url\":\"https:\/\/drustvoharfistovslovenije.si\/\",\"sameAs\":[\"https:\/\/www.instagram.com\/drustvoharfistovslovenije\/\",\"https:\/\/www.facebook.com\/Drutvo-harfistov-Slovenije-102541785381011\"],\"logo\":{\"@type\":\"ImageObject\",\"inLanguage\":\"en-GB\",\"@id\":\"https:\/\/drustvoharfistovslovenije.si\/#\/schema\/logo\/image\/\",\"url\":\"https:\/\/drustvoharfistovslovenije.si\/wp-content\/uploads\/2022\/06\/DHS-fb-1200x1200px2.jpg\",\"contentUrl\":\"https:\/\/drustvoharfistovslovenije.si\/wp-content\/uploads\/2022\/06\/DHS-fb-1200x1200px2.jpg\",\"width\":1200,\"height\":1200,\"caption\":\"Dru\u0161tvo harfistov Slovenije\"},\"image\":{\"@id\":\"https:\/\/drustvoharfistovslovenije.si\/#\/schema\/logo\/image\/\"}},{\"@type\":\"WebSite\",\"@id\":\"https:\/\/drustvoharfistovslovenije.si\/#website\",\"url\":\"https:\/\/drustvoharfistovslovenije.si\/\",\"name\":\"Dru\u0161tvo harfistov Slovenije\",\"description\":\"Dru\u0161tvo harfistov Slovenije\",\"publisher\":{\"@id\":\"https:\/\/drustvoharfistovslovenije.si\/#organization\"},\"potentialAction\":[{\"@type\":\"SearchAction\",\"target\":{\"@type\":\"EntryPoint\",\"urlTemplate\":\"https:\/\/drustvoharfistovslovenije.si\/?s={search_term_string}\"},\"query-input\":\"required name=search_term_string\"}],\"inLanguage\":\"en-GB\"},{\"@type\":\"WebPage\",\"@id\":\"https:\/\/drustvoharfistovslovenije.si\/generalni-sponzor-tekmovanja\/#webpage\",\"url\":\"https:\/\/drustvoharfistovslovenije.si\/generalni-sponzor-tekmovanja\/\",\"name\":\"GENERALNI SPONZOR TEKMOVANJA - Dru\u0161tvo harfistov Slovenije\",\"isPartOf\":{\"@id\":\"https:\/\/drustvoharfistovslovenije.si\/#website\"},\"datePublished\":\"2026-03-25T23:13:21+00:00\",\"dateModified\":\"2026-03-25T23:13:24+00:00\",\"breadcrumb\":{\"@id\":\"https:\/\/drustvoharfistovslovenije.si\/generalni-sponzor-tekmovanja\/#breadcrumb\"},\"inLanguage\":\"en-GB\",\"potentialAction\":[{\"@type\":\"ReadAction\",\"target\":[\"https:\/\/drustvoharfistovslovenije.si\/generalni-sponzor-tekmovanja\/\"]}]},{\"@type\":\"BreadcrumbList\",\"@id\":\"https:\/\/drustvoharfistovslovenije.si\/generalni-sponzor-tekmovanja\/#breadcrumb\",\"itemListElement\":[{\"@type\":\"ListItem\",\"position\":1,\"name\":\"Home\",\"item\":\"https:\/\/drustvoharfistovslovenije.si\/\"},{\"@type\":\"ListItem\",\"position\":2,\"name\":\"GENERALNI SPONZOR TEKMOVANJA\"}]}]}<\/script>\n<!-- \/ Yoast SEO plugin. -->","yoast_head_json":{"title":"GENERALNI SPONZOR TEKMOVANJA - Dru\u0161tvo harfistov Slovenije","robots":{"index":"index","follow":"follow","max-snippet":"max-snippet:-1","max-image-preview":"max-image-preview:large","max-video-preview":"max-video-preview:-1"},"canonical":"https:\/\/drustvoharfistovslovenije.si\/en\/generalni-sponzor-tekmovanja\/","og_locale":"en_GB","og_type":"article","og_title":"GENERALNI SPONZOR TEKMOVANJA - Dru\u0161tvo harfistov Slovenije","og_description":"Generalni sponzor tekmovanja je podjetje Camac Harps, ki bo zagotovilo in\u0161trumente za vse tekmovalne kategorije. Za kategorijo A-k bodo na voljo keltske harfe, za vse ostale kategorije pa velike koncertne harfe. Tekmovalna harfa bo ves \u010das posamezne kategorije postavljena na odru. Tonska vaja in preizkus in\u0161trumenta bosta mo\u017ena pred za\u010detkom&hellip;  Preberi ve\u010d","og_url":"https:\/\/drustvoharfistovslovenije.si\/en\/generalni-sponzor-tekmovanja\/","og_site_name":"Dru\u0161tvo harfistov Slovenije","article_publisher":"https:\/\/www.facebook.com\/Drutvo-harfistov-Slovenije-102541785381011","article_modified_time":"2026-03-25T23:13:24+00:00","twitter_card":"summary_large_image","twitter_misc":{"Estimated reading time":"1 minute"},"schema":{"@context":"https:\/\/schema.org","@graph":[{"@type":"Organization","@id":"https:\/\/drustvoharfistovslovenije.si\/#organization","name":"Dru\u0161tvo harfistov Slovenije","url":"https:\/\/drustvoharfistovslovenije.si\/","sameAs":["https:\/\/www.instagram.com\/drustvoharfistovslovenije\/","https:\/\/www.facebook.com\/Drutvo-harfistov-Slovenije-102541785381011"],"logo":{"@type":"ImageObject","inLanguage":"en-GB","@id":"https:\/\/drustvoharfistovslovenije.si\/#\/schema\/logo\/image\/","url":"https:\/\/drustvoharfistovslovenije.si\/wp-content\/uploads\/2022\/06\/DHS-fb-1200x1200px2.jpg","contentUrl":"https:\/\/drustvoharfistovslovenije.si\/wp-content\/uploads\/2022\/06\/DHS-fb-1200x1200px2.jpg","width":1200,"height":1200,"caption":"Dru\u0161tvo harfistov Slovenije"},"image":{"@id":"https:\/\/drustvoharfistovslovenije.si\/#\/schema\/logo\/image\/"}},{"@type":"WebSite","@id":"https:\/\/drustvoharfistovslovenije.si\/#website","url":"https:\/\/drustvoharfistovslovenije.si\/","name":"Dru\u0161tvo harfistov Slovenije","description":"Dru\u0161tvo harfistov Slovenije","publisher":{"@id":"https:\/\/drustvoharfistovslovenije.si\/#organization"},"potentialAction":[{"@type":"SearchAction","target":{"@type":"EntryPoint","urlTemplate":"https:\/\/drustvoharfistovslovenije.si\/?s={search_term_string}"},"query-input":"required name=search_term_string"}],"inLanguage":"en-GB"},{"@type":"WebPage","@id":"https:\/\/drustvoharfistovslovenije.si\/generalni-sponzor-tekmovanja\/#webpage","url":"https:\/\/drustvoharfistovslovenije.si\/generalni-sponzor-tekmovanja\/","name":"GENERALNI SPONZOR TEKMOVANJA - Dru\u0161tvo harfistov Slovenije","isPartOf":{"@id":"https:\/\/drustvoharfistovslovenije.si\/#website"},"datePublished":"2026-03-25T23:13:21+00:00","dateModified":"2026-03-25T23:13:24+00:00","breadcrumb":{"@id":"https:\/\/drustvoharfistovslovenije.si\/generalni-sponzor-tekmovanja\/#breadcrumb"},"inLanguage":"en-GB","potentialAction":[{"@type":"ReadAction","target":["https:\/\/drustvoharfistovslovenije.si\/generalni-sponzor-tekmovanja\/"]}]},{"@type":"BreadcrumbList","@id":"https:\/\/drustvoharfistovslovenije.si\/generalni-sponzor-tekmovanja\/#breadcrumb","itemListElement":[{"@type":"ListItem","position":1,"name":"Home","item":"https:\/\/drustvoharfistovslovenije.si\/"},{"@type":"ListItem","position":2,"name":"GENERALNI SPONZOR TEKMOVANJA"}]}]}},"_links":{"self":[{"href":"https:\/\/drustvoharfistovslovenije.si\/en\/wp-json\/wp\/v2\/pages\/11867","targetHints":{"allow":["GET"]}}],"collection":[{"href":"https:\/\/drustvoharfistovslovenije.si\/en\/wp-json\/wp\/v2\/pages"}],"about":[{"href":"https:\/\/drustvoharfistovslovenije.si\/en\/wp-json\/wp\/v2\/types\/page"}],"author":[{"embeddable":true,"href":"https:\/\/drustvoharfistovslovenije.si\/en\/wp-json\/wp\/v2\/users\/3"}],"replies":[{"embeddable":true,"href":"https:\/\/drustvoharfistovslovenije.si\/en\/wp-json\/wp\/v2\/comments?post=11867"}],"version-history":[{"count":1,"href":"https:\/\/drustvoharfistovslovenije.si\/en\/wp-json\/wp\/v2\/pages\/11867\/revisions"}],"predecessor-version":[{"id":11868,"href":"https:\/\/drustvoharfistovslovenije.si\/en\/wp-json\/wp\/v2\/pages\/11867\/revisions\/11868"}],"wp:attachment":[{"href":"https:\/\/drustvoharfistovslovenije.si\/en\/wp-json\/wp\/v2\/media?parent=11867"}],"curies":[{"name":"wp","href":"https:\/\/api.w.org\/{rel}","templated":true}]}}