{"id":11876,"date":"2026-04-21T22:57:47","date_gmt":"2026-04-21T20:57:47","guid":{"rendered":"https:\/\/drustvoharfistovslovenije.si\/?page_id=11876"},"modified":"2026-04-21T22:57:50","modified_gmt":"2026-04-21T20:57:50","slug":"razpored-tekmovanja-2","status":"publish","type":"page","link":"https:\/\/drustvoharfistovslovenije.si\/en\/razpored-tekmovanja-2\/","title":{"rendered":"Competition Schedule"},"content":{"rendered":"<p class=\"has-medium-font-size\"><strong>KATEGORIJA A-keltska harfa \/ CATEGORY A-celtic harp<br><\/strong>Petek, 9.00<strong>\u2013<\/strong>13.00, orgelska dvorana<br>Friday, 9.00<strong>\u2013<\/strong>13.00, Organ Hall<br><br><strong>9.00\u201310.10<br><\/strong>Siyana Martin<br>Olivija Moleh<br>Sofija Nikoli\u0107<br>Vera Poniaeva<br>Ula Lara Pukl<br>Angelina Radovi\u0107<br>Marjetka Ro\u0161er<br>Irina Sev\u010dnikar<br>Hana Simoniti<\/p>\n\n\n\n<p><strong>PAVZA\/BREAK 10.10\u201310.30<\/strong><\/p>\n\n\n\n<p><strong>10.30\u201311.35<\/strong><br>Al\u017eb\u011bta \u0160ebrlov\u00e1<br>Ana \u0160ljivi\u0107<br>Klara \u0160upek<br>Tinkara Tajnik<br>Mia Toma\u017ein<br>Ajda Ur\u0161i\u010d<\/p>\n\n\n\n<p>Alia Bogdanova<br>Karmina Bo\u017ei\u010d<\/p>\n\n\n\n<p><strong>PAVZA\/BREAK 11.35\u201311.55<\/strong><strong><\/strong><\/p>\n\n\n\n<p><strong>11.55\u201313.00<\/strong><br>Petra Daki\u0107<br>Ana Dolen\u0161ek<br>Anja \u0110urica<br>Julija Goli\u010dnik<br>Zala Hartman<br>Nina Jakimovski<br>Sonja Krsti\u0107<br>Marina Lisnik<\/p>\n\n\n\n<p class=\"has-medium-font-size\"><strong>KATEGORIJA A-pedalna harfa \/ CATEGORY A-pedal harp<\/strong><br>Petek, 9.00<strong>\u2013<\/strong>12.45, Marinova dvorana<strong><br><\/strong>Friday, 9.00<strong>\u2013<\/strong>12.45, Marin&#8217;s Hall<br><br><strong>9.00\u201310.05<\/strong> <br>Julija Marini\u010d<br>Melanija Marn<br>Mia Medve\u0161ek<br>Evelin Me\u017ean<br>Mojca Moleh<br>Lucija Pegan<br>Ne\u017ea Peternelj<br>Mia Pu\u0161nik \u0160piljak<br><br><strong>PAVZA\/BREAK \u00a010.05\u201310.25<\/strong><\/p>\n\n\n\n<p class=\"has-medium-font-size\"><strong>10.25\u201311.25<\/strong><br>Vi\u0161nja Radivojevi\u0107<br>Meta Ro\u0161kar<br>Marta Stopar<br>Mila \u0160tajnar<br>Am\u00e1lie \u0160vestkov\u00e1<br>Maja Zori\u0107<br>Iva Abramovi\u0107<\/p>\n\n\n\n<p class=\"has-medium-font-size\"><strong>PAVZA\/BREAK 11.25\u201311.45<\/strong><strong><\/strong><\/p>\n\n\n\n<p class=\"has-medium-font-size\"><strong>11.45\u201312.45<\/strong><br>Jana Davini\u0107<br>Anna Sofia Dodi\u010d<br>Eva Doles<br>Valerij Greblo<br>Vita Hercog<br>Iris Kalintcheva Danailova<br>Gaja Koritnik<strong><br><\/strong><br><strong>KATEGORIJA B \/ CATEGORY B<\/strong><br>Sobota, 10.00<strong>\u2013<\/strong>17.50, orgelska dvorana<strong><br><\/strong>Saturday, 10.00<strong>\u2013<\/strong>17.50, Organ Hall<\/p>\n\n\n\n<p><strong>10.00\u201311.00<\/strong><br>Aleksander Mernik<br>Nika Mo\u010dnik<br>Gaja Nika\u010devi\u0107 \u0160eruga<br>Tina Pantaleo<br>Tajna Petrovi\u0107<br><br><strong>PAVZA\/BREAK 11.00\u201311.20<\/strong><\/p>\n\n\n\n<p><strong>11.20\u201312.20<br><\/strong>Luna Pivka<br>Zarja Rakun Kokalj<br>Sta\u0161a Skrivarnik<br>Hana \u0160ket<br>Sofia Zelko<br><br><strong>KOSILO\/LUNCH 12.20\u201314.20<\/strong><\/p>\n\n\n\n<p><strong>14.20\u201315.20<\/strong><br>Ro\u017ea \u017dentil<br>Kristina An\u0111u\u0161<br>Maria Alejandra Arriaga Ragu\u017e<br>Anja Avramovi\u0107<br>\u0110ina Baji\u0107<br><br><strong>PAVZA\/BREAK 15.20\u201315.40<\/strong><br><br><strong>15.40\u201316.40<\/strong><br>Martin Blazhev<strong><br><\/strong>Beste Da\u015f<br>Oleksandra Fediai<br>Yavora Goranova<br>Kara Marija Hudoklin<\/p>\n\n\n\n<p><strong>PAVZA\/BREAK 16.40\u201317.00<\/strong><br><br><strong>17.00\u201317.50<\/strong><br>Iva Lara Klepec<br>Eksena Kostova<br>Karin Kralj Velkovrh<br>Maja Locatelli<\/p>\n\n\n\n<p><strong>KATEGORIJA C \/ <\/strong><strong>CATEGORY C<\/strong><br>Nedelja, 9.30<strong>\u2013<\/strong>18.20, orgelska dvorana<br>Sunday, 9.00<strong>\u2013<\/strong>18.20, Organ Hall<\/p>\n\n\n\n<p><strong>9.30\u201311.00<\/strong><br>Sara Marinkovi\u0107<br>Ana Mihajlov<br>Anamari Primo\u017ei\u010d<br>Jonathan Schmitt<br>Ma\u0161a Stevanovi\u0107<br><br><strong>PAVZA\/BREAK 11.00\u201311.20<\/strong><\/p>\n\n\n\n<p><strong>11.20\u201312.35<\/strong><br>Lia \u0160vab<br>Anna Umanskaya<br>Petra Vra\u010dar<br>Maryam Amro<br><br><strong>KOSILO\/LUNCH 12.35\u201314.15<\/strong><\/p>\n\n\n\n<p><strong>14.15\u201315.30<\/strong><br>Maja Bider<br>\u017dana Brajnik<br>Julia Dermendjieva<br>Lina Dolgan<\/p>\n\n\n\n<p><strong>PAVZA\/BREAK 15.30\u201315.50<br><br>15.50\u201316.45<\/strong><br>Yelyzaveta Fediai<br>Evelin Greblo<br>Nika Anamaria Jereb<\/p>\n\n\n\n<p><strong>PAVZA\/BREAK 16.45\u201317.05 <\/strong><strong><\/strong><\/p>\n\n\n\n<p><strong>17.05\u201318.20<\/strong><br>Julijan Kal\u0161ek Kozjek<br>Dan Kim<br>Klara Kov\u0161e<br>Evelin Lovre\u010di\u010d<strong><\/strong><\/p>\n\n\n\n<p><strong>KATEGORIJA D \/ <\/strong><strong>CATEGORY D<\/strong><br>Sobota, 9.30<strong>\u2013<\/strong>17.40, Marinova dvorana<br>Saturday, 9.30<strong>\u2013<\/strong>17.40, Marin&#8217;s Hall<\/p>\n\n\n\n<p><strong>9.30\u201310.55<\/strong><br>Manca \u0160krlep<br>Gergana Nikolova<br>Maja Nowak<br>Gabriela Orozki<br><br><strong>PAVZA\/BREAK 10.55\u201311.15<br>\u00a0<\/strong><br><strong>11.15\u201313.00<br><\/strong>Witold Pojawa<br>Nicole Samareva<br>Taja Svet<br>Zala Vor\u0161i\u010d Dole\u010dek<br>Gala Vrezec<br><br><strong>KOSILO\/LUNCH 13.00\u201314.30<\/strong><\/p>\n\n\n\n<p><strong>14.30\u201315.55<\/strong><br>Paula Wettengel<br>Antonina Zozulia-Salii<br>Iskra \u0110u\u0111ik<br>Matteo Fadini<\/p>\n\n\n\n<p><strong>PAVZA\/BREAK 15.55\u201316.15<\/strong><strong><\/strong><\/p>\n\n\n\n<p><strong>16.15\u201317.40<\/strong><br>Tais Kobal<br>Marija Krstonijevi\u0107<br>Gaja Kry\u017eanovski<br>Hara Lim<\/p>\n\n\n\n<p><strong>KATEGORIJA E \/ <\/strong><strong>CATEGORY E<\/strong><br>Nedelja, 9.15<strong>\u2013<\/strong>18.25, Marinova dvorana<br>Sunday, 9.15<strong>\u2013<\/strong>18.25, Marin&#8217;s Hall<\/p>\n\n\n\n<p><strong>9.15\u201310.55<\/strong><br>Mina Marjanovi\u0107<br>Ligia Nowak<br>Vita \u017diva Pe\u010dak<\/p>\n\n\n\n<p><strong>PAVZA\/BREAK 10.55\u201311.10<\/strong><\/p>\n\n\n\n<p><strong>11.10\u201312.50<\/strong><br>Sarah Schaffenrath<br>Mima Stevanovi\u0107<br>Emilija Mijatovi\u0107<\/p>\n\n\n\n<p><strong>KOSILO\/LUNCH <\/strong><strong>12.50\u201314.20<\/strong><strong><\/strong><\/p>\n\n\n\n<p><strong>14.20\u201316.30<\/strong><br>Olha Belkova<br>Lara Caniato<br>Silvia Cap\u00e8<br>Hsiao-Lan Cheng<\/p>\n\n\n\n<p><strong>PAVZA\/BREAK 16.30\u201316.45<\/strong><\/p>\n\n\n\n<p><strong>16.45\u201318.25<\/strong><br>Filippo Craglietto<br>Tara Franji\u0107<br>Emilia Jastrz\u0105b<br><br><strong>KATEGORIJA F \/ CATEGORY F<\/strong><br>\u010cetrtek, 10.00<strong>\u2013<\/strong>13.00, Marinova dvorana<br>Thursday, 10.00<strong>\u2013<\/strong>13.00, Marin&#8217;s Hall<br><br><strong>10.00\u201311.20<\/strong><br>Paula Streicher<br>Aja Urlep<br>Maria Chiara Cannelli<\/p>\n\n\n\n<p><strong>PAVZA\/BREAK 11.20\u201311.40<\/strong><\/p>\n\n\n\n<p><strong>11.40\u201313.00<\/strong><br>Laura Colombo<br>Paola Gregoric<br>Leto Kri\u017eani\u010d \u017dor\u017e<\/p>\n\n\n\n<p><strong>DRUGA ETAPA \/ <\/strong><strong>SECOND ROUND<\/strong><\/p>\n\n\n\n<p>Petek, 15.30 Marinova dvorana<br>Friday, 15.30, Marin&#8217;s Hall<\/p>\n\n\n\n<p>Natan\u010den urnik bo dolo\u010den po objavi rezultatov prve etape kategorije F.&nbsp;&nbsp;<br>The detailed schedule will be determined after the results of the first stage of category F are published<\/p>","protected":false},"excerpt":{"rendered":"<p>KATEGORIJA A-keltska harfa \/ CATEGORY A-celtic harpPetek, 9.00\u201313.00, orgelska dvoranaFriday, 9.00\u201313.00, Organ Hall 9.00\u201310.10Siyana MartinOlivija MolehSofija Nikoli\u0107Vera PoniaevaUla Lara PuklAngelina Radovi\u0107Marjetka Ro\u0161erIrina Sev\u010dnikarHana Simoniti PAVZA\/BREAK 10.10\u201310.30 10.30\u201311.35Al\u017eb\u011bta \u0160ebrlov\u00e1Ana \u0160ljivi\u0107Klara \u0160upekTinkara TajnikMia Toma\u017einAjda Ur\u0161i\u010d Alia BogdanovaKarmina Bo\u017ei\u010d PAVZA\/BREAK 11.35\u201311.55 11.55\u201313.00Petra Daki\u0107Ana Dolen\u0161ekAnja \u0110uricaJulija Goli\u010dnikZala HartmanNina JakimovskiSonja Krsti\u0107Marina Lisnik KATEGORIJA A-pedalna harfa&hellip;<\/p>\n<p> <a class=\"more-link\" href=\"https:\/\/drustvoharfistovslovenije.si\/en\/razpored-tekmovanja-2\/\">Preberi ve\u010d<\/a><\/p>","protected":false},"author":3,"featured_media":0,"parent":0,"menu_order":0,"comment_status":"closed","ping_status":"closed","template":"","meta":{"footnotes":""},"class_list":["post-11876","page","type-page","status-publish"],"yoast_head":"<!-- This site is optimized with the Yoast SEO plugin v19.0 - https:\/\/yoast.com\/wordpress\/plugins\/seo\/ -->\n<title>Razpored tekmovanja - Dru\u0161tvo harfistov Slovenije<\/title>\n<meta name=\"robots\" content=\"index, follow, max-snippet:-1, max-image-preview:large, max-video-preview:-1\" \/>\n<link rel=\"canonical\" href=\"https:\/\/drustvoharfistovslovenije.si\/en\/razpored-tekmovanja-2\/\" \/>\n<meta property=\"og:locale\" content=\"en_GB\" \/>\n<meta property=\"og:type\" content=\"article\" \/>\n<meta property=\"og:title\" content=\"Razpored tekmovanja - Dru\u0161tvo harfistov Slovenije\" \/>\n<meta property=\"og:description\" content=\"KATEGORIJA A-keltska harfa \/ CATEGORY A-celtic harpPetek, 9.00\u201313.00, orgelska dvoranaFriday, 9.00\u201313.00, Organ Hall 9.00\u201310.10Siyana MartinOlivija MolehSofija Nikoli\u0107Vera PoniaevaUla Lara PuklAngelina Radovi\u0107Marjetka Ro\u0161erIrina Sev\u010dnikarHana Simoniti PAVZA\/BREAK 10.10\u201310.30 10.30\u201311.35Al\u017eb\u011bta \u0160ebrlov\u00e1Ana \u0160ljivi\u0107Klara \u0160upekTinkara TajnikMia Toma\u017einAjda Ur\u0161i\u010d Alia BogdanovaKarmina Bo\u017ei\u010d PAVZA\/BREAK 11.35\u201311.55 11.55\u201313.00Petra Daki\u0107Ana Dolen\u0161ekAnja \u0110uricaJulija Goli\u010dnikZala HartmanNina JakimovskiSonja Krsti\u0107Marina Lisnik KATEGORIJA A-pedalna harfa&hellip;  Preberi ve\u010d\" \/>\n<meta property=\"og:url\" content=\"https:\/\/drustvoharfistovslovenije.si\/en\/razpored-tekmovanja-2\/\" \/>\n<meta property=\"og:site_name\" content=\"Dru\u0161tvo harfistov Slovenije\" \/>\n<meta property=\"article:publisher\" content=\"https:\/\/www.facebook.com\/Drutvo-harfistov-Slovenije-102541785381011\" \/>\n<meta property=\"article:modified_time\" content=\"2026-04-21T20:57:50+00:00\" \/>\n<meta name=\"twitter:card\" content=\"summary_large_image\" \/>\n<meta name=\"twitter:label1\" content=\"Estimated reading time\" \/>\n\t<meta name=\"twitter:data1\" content=\"2 minutes\" \/>\n<script type=\"application\/ld+json\" class=\"yoast-schema-graph\">{\"@context\":\"https:\/\/schema.org\",\"@graph\":[{\"@type\":\"Organization\",\"@id\":\"https:\/\/drustvoharfistovslovenije.si\/#organization\",\"name\":\"Dru\u0161tvo harfistov Slovenije\",\"url\":\"https:\/\/drustvoharfistovslovenije.si\/\",\"sameAs\":[\"https:\/\/www.instagram.com\/drustvoharfistovslovenije\/\",\"https:\/\/www.facebook.com\/Drutvo-harfistov-Slovenije-102541785381011\"],\"logo\":{\"@type\":\"ImageObject\",\"inLanguage\":\"en-GB\",\"@id\":\"https:\/\/drustvoharfistovslovenije.si\/#\/schema\/logo\/image\/\",\"url\":\"https:\/\/drustvoharfistovslovenije.si\/wp-content\/uploads\/2022\/06\/DHS-fb-1200x1200px2.jpg\",\"contentUrl\":\"https:\/\/drustvoharfistovslovenije.si\/wp-content\/uploads\/2022\/06\/DHS-fb-1200x1200px2.jpg\",\"width\":1200,\"height\":1200,\"caption\":\"Dru\u0161tvo harfistov Slovenije\"},\"image\":{\"@id\":\"https:\/\/drustvoharfistovslovenije.si\/#\/schema\/logo\/image\/\"}},{\"@type\":\"WebSite\",\"@id\":\"https:\/\/drustvoharfistovslovenije.si\/#website\",\"url\":\"https:\/\/drustvoharfistovslovenije.si\/\",\"name\":\"Dru\u0161tvo harfistov Slovenije\",\"description\":\"Dru\u0161tvo harfistov Slovenije\",\"publisher\":{\"@id\":\"https:\/\/drustvoharfistovslovenije.si\/#organization\"},\"potentialAction\":[{\"@type\":\"SearchAction\",\"target\":{\"@type\":\"EntryPoint\",\"urlTemplate\":\"https:\/\/drustvoharfistovslovenije.si\/?s={search_term_string}\"},\"query-input\":\"required name=search_term_string\"}],\"inLanguage\":\"en-GB\"},{\"@type\":\"WebPage\",\"@id\":\"https:\/\/drustvoharfistovslovenije.si\/razpored-tekmovanja-2\/#webpage\",\"url\":\"https:\/\/drustvoharfistovslovenije.si\/razpored-tekmovanja-2\/\",\"name\":\"Razpored tekmovanja - Dru\u0161tvo harfistov Slovenije\",\"isPartOf\":{\"@id\":\"https:\/\/drustvoharfistovslovenije.si\/#website\"},\"datePublished\":\"2026-04-21T20:57:47+00:00\",\"dateModified\":\"2026-04-21T20:57:50+00:00\",\"breadcrumb\":{\"@id\":\"https:\/\/drustvoharfistovslovenije.si\/razpored-tekmovanja-2\/#breadcrumb\"},\"inLanguage\":\"en-GB\",\"potentialAction\":[{\"@type\":\"ReadAction\",\"target\":[\"https:\/\/drustvoharfistovslovenije.si\/razpored-tekmovanja-2\/\"]}]},{\"@type\":\"BreadcrumbList\",\"@id\":\"https:\/\/drustvoharfistovslovenije.si\/razpored-tekmovanja-2\/#breadcrumb\",\"itemListElement\":[{\"@type\":\"ListItem\",\"position\":1,\"name\":\"Home\",\"item\":\"https:\/\/drustvoharfistovslovenije.si\/\"},{\"@type\":\"ListItem\",\"position\":2,\"name\":\"Razpored tekmovanja\"}]}]}<\/script>\n<!-- \/ Yoast SEO plugin. -->","yoast_head_json":{"title":"Razpored tekmovanja - Dru\u0161tvo harfistov Slovenije","robots":{"index":"index","follow":"follow","max-snippet":"max-snippet:-1","max-image-preview":"max-image-preview:large","max-video-preview":"max-video-preview:-1"},"canonical":"https:\/\/drustvoharfistovslovenije.si\/en\/razpored-tekmovanja-2\/","og_locale":"en_GB","og_type":"article","og_title":"Razpored tekmovanja - Dru\u0161tvo harfistov Slovenije","og_description":"KATEGORIJA A-keltska harfa \/ CATEGORY A-celtic harpPetek, 9.00\u201313.00, orgelska dvoranaFriday, 9.00\u201313.00, Organ Hall 9.00\u201310.10Siyana MartinOlivija MolehSofija Nikoli\u0107Vera PoniaevaUla Lara PuklAngelina Radovi\u0107Marjetka Ro\u0161erIrina Sev\u010dnikarHana Simoniti PAVZA\/BREAK 10.10\u201310.30 10.30\u201311.35Al\u017eb\u011bta \u0160ebrlov\u00e1Ana \u0160ljivi\u0107Klara \u0160upekTinkara TajnikMia Toma\u017einAjda Ur\u0161i\u010d Alia BogdanovaKarmina Bo\u017ei\u010d PAVZA\/BREAK 11.35\u201311.55 11.55\u201313.00Petra Daki\u0107Ana Dolen\u0161ekAnja \u0110uricaJulija Goli\u010dnikZala HartmanNina JakimovskiSonja Krsti\u0107Marina Lisnik KATEGORIJA A-pedalna harfa&hellip;  Preberi ve\u010d","og_url":"https:\/\/drustvoharfistovslovenije.si\/en\/razpored-tekmovanja-2\/","og_site_name":"Dru\u0161tvo harfistov Slovenije","article_publisher":"https:\/\/www.facebook.com\/Drutvo-harfistov-Slovenije-102541785381011","article_modified_time":"2026-04-21T20:57:50+00:00","twitter_card":"summary_large_image","twitter_misc":{"Estimated reading time":"2 minutes"},"schema":{"@context":"https:\/\/schema.org","@graph":[{"@type":"Organization","@id":"https:\/\/drustvoharfistovslovenije.si\/#organization","name":"Dru\u0161tvo harfistov Slovenije","url":"https:\/\/drustvoharfistovslovenije.si\/","sameAs":["https:\/\/www.instagram.com\/drustvoharfistovslovenije\/","https:\/\/www.facebook.com\/Drutvo-harfistov-Slovenije-102541785381011"],"logo":{"@type":"ImageObject","inLanguage":"en-GB","@id":"https:\/\/drustvoharfistovslovenije.si\/#\/schema\/logo\/image\/","url":"https:\/\/drustvoharfistovslovenije.si\/wp-content\/uploads\/2022\/06\/DHS-fb-1200x1200px2.jpg","contentUrl":"https:\/\/drustvoharfistovslovenije.si\/wp-content\/uploads\/2022\/06\/DHS-fb-1200x1200px2.jpg","width":1200,"height":1200,"caption":"Dru\u0161tvo harfistov Slovenije"},"image":{"@id":"https:\/\/drustvoharfistovslovenije.si\/#\/schema\/logo\/image\/"}},{"@type":"WebSite","@id":"https:\/\/drustvoharfistovslovenije.si\/#website","url":"https:\/\/drustvoharfistovslovenije.si\/","name":"Dru\u0161tvo harfistov Slovenije","description":"Dru\u0161tvo harfistov Slovenije","publisher":{"@id":"https:\/\/drustvoharfistovslovenije.si\/#organization"},"potentialAction":[{"@type":"SearchAction","target":{"@type":"EntryPoint","urlTemplate":"https:\/\/drustvoharfistovslovenije.si\/?s={search_term_string}"},"query-input":"required name=search_term_string"}],"inLanguage":"en-GB"},{"@type":"WebPage","@id":"https:\/\/drustvoharfistovslovenije.si\/razpored-tekmovanja-2\/#webpage","url":"https:\/\/drustvoharfistovslovenije.si\/razpored-tekmovanja-2\/","name":"Razpored tekmovanja - Dru\u0161tvo harfistov Slovenije","isPartOf":{"@id":"https:\/\/drustvoharfistovslovenije.si\/#website"},"datePublished":"2026-04-21T20:57:47+00:00","dateModified":"2026-04-21T20:57:50+00:00","breadcrumb":{"@id":"https:\/\/drustvoharfistovslovenije.si\/razpored-tekmovanja-2\/#breadcrumb"},"inLanguage":"en-GB","potentialAction":[{"@type":"ReadAction","target":["https:\/\/drustvoharfistovslovenije.si\/razpored-tekmovanja-2\/"]}]},{"@type":"BreadcrumbList","@id":"https:\/\/drustvoharfistovslovenije.si\/razpored-tekmovanja-2\/#breadcrumb","itemListElement":[{"@type":"ListItem","position":1,"name":"Home","item":"https:\/\/drustvoharfistovslovenije.si\/"},{"@type":"ListItem","position":2,"name":"Razpored tekmovanja"}]}]}},"_links":{"self":[{"href":"https:\/\/drustvoharfistovslovenije.si\/en\/wp-json\/wp\/v2\/pages\/11876","targetHints":{"allow":["GET"]}}],"collection":[{"href":"https:\/\/drustvoharfistovslovenije.si\/en\/wp-json\/wp\/v2\/pages"}],"about":[{"href":"https:\/\/drustvoharfistovslovenije.si\/en\/wp-json\/wp\/v2\/types\/page"}],"author":[{"embeddable":true,"href":"https:\/\/drustvoharfistovslovenije.si\/en\/wp-json\/wp\/v2\/users\/3"}],"replies":[{"embeddable":true,"href":"https:\/\/drustvoharfistovslovenije.si\/en\/wp-json\/wp\/v2\/comments?post=11876"}],"version-history":[{"count":1,"href":"https:\/\/drustvoharfistovslovenije.si\/en\/wp-json\/wp\/v2\/pages\/11876\/revisions"}],"predecessor-version":[{"id":11877,"href":"https:\/\/drustvoharfistovslovenije.si\/en\/wp-json\/wp\/v2\/pages\/11876\/revisions\/11877"}],"wp:attachment":[{"href":"https:\/\/drustvoharfistovslovenije.si\/en\/wp-json\/wp\/v2\/media?parent=11876"}],"curies":[{"name":"wp","href":"https:\/\/api.w.org\/{rel}","templated":true}]}}